{"id":751,"date":"2020-02-25T12:44:21","date_gmt":"2020-02-25T11:44:21","guid":{"rendered":"http:\/\/localhost\/?page_id=751"},"modified":"2025-12-22T20:41:38","modified_gmt":"2025-12-22T19:41:38","slug":"aktuell-2","status":"publish","type":"page","link":"https:\/\/wp.sonohr.ch\/fr\/","title":{"rendered":"Actualit\u00e9s"},"content":{"rendered":"<div class=\"news\"><div class=\"ueberschrift\">Actualit\u00e9s<\/div><div class=\"post newspost \" id=\"post-8251\"><div class=\"postcontent\"><div class=\"newstext\"><h7 class=\"postdatum\">02.03.2026<\/h7><div class=\"newstextcontent\"><h2><a href=\"fr\/news\/#post-8251\">Impressions du 16e SONOHR<\/a><\/h2><\/div><\/div><\/div><\/div><div class=\"post newspost \" id=\"post-8230\"><div class=\"postcontent\"><div class=\"newstext\"><h7 class=\"postdatum\">02.03.2026<\/h7><div class=\"newstextcontent\"><h2><a href=\"fr\/news\/#post-8230\">Les Laur\u00e9at.e.s du concours national 2026<\/a><\/h2><\/div><\/div><\/div><\/div><div class=\"post newspost \" id=\"post-8221\"><div class=\"postcontent\"><div class=\"newstext\"><h7 class=\"postdatum\">27.02.2026<\/h7><div class=\"newstextcontent\"><h2><a href=\"fr\/news\/#post-8221\">Live Festival Radio<\/a><\/h2><\/div><\/div><\/div><\/div><div class=\"post newspost \" id=\"post-8170\"><div class=\"postcontent\"><div class=\"newstext\"><h7 class=\"postdatum\">12.01.2026<\/h7><div class=\"newstextcontent\"><h2><a href=\"fr\/news\/#post-8170\">Le Programme 2026 est en ligne !<\/a><\/h2><\/div><\/div><\/div><\/div><div class=\"post newspost \" id=\"post-7990\"><div class=\"postcontent\"><div class=\"newstext\"><h7 class=\"postdatum\">19.12.2025<\/h7><div class=\"newstextcontent\"><h2><a href=\"fr\/news\/#post-7990\">11 Pi\u00e8ces nomin\u00e9es pour le concours national 2026<\/a><\/h2><\/div><\/div><\/div><\/div><div class=\"post newspost \" id=\"post-7803\"><div class=\"postcontent\"><div class=\"newstext\"><h7 class=\"postdatum\">27.05.2025<\/h7><div class=\"newstextcontent\"><h2><a href=\"fr\/news\/#post-7803\">Appel \u00e0 candidatures pour le concours national 2026<\/a><\/h2><\/div><\/div><\/div><\/div><div class=\"post newspost \" id=\"post-7815\"><div class=\"postcontent\"><div class=\"newstext\"><h7 class=\"postdatum\">27.05.2025<\/h7><div class=\"newstextcontent\"><h2><a href=\"fr\/news\/#post-7815\">Call for works pour SONOHR 2026<\/a><\/h2><\/div><\/div><\/div><\/div><div class=\"post newspost \" id=\"post-7741\"><div class=\"postcontent\"><div class=\"newstext\"><h7 class=\"postdatum\">25.03.2025<\/h7><div class=\"newstextcontent\"><h2><a href=\"fr\/news\/#post-7741\">Make a play in a day &#8211; Quatre pi\u00e8ces courtes<\/a><\/h2><\/div><\/div><\/div><\/div><div class=\"post newspost \" id=\"post-7659\"><div class=\"postcontent\"><div class=\"newstext\"><h7 class=\"postdatum\">06.03.2025<\/h7><div class=\"newstextcontent\"><h2><a href=\"fr\/news\/#post-7659\">Impressions du 15e SONOHR<\/a><\/h2><\/div><\/div><\/div><\/div><div class=\"post newspost \" id=\"post-7641\"><div class=\"postcontent\"><div class=\"newstext\"><h7 class=\"postdatum\">24.02.2025<\/h7><div class=\"newstextcontent\"><h2><a href=\"fr\/news\/#post-7641\">Les Laur\u00e9at.e.s du concours national 2025<\/a><\/h2><\/div><\/div><\/div><\/div><div class=\"post newspost \" id=\"post-7635\"><div class=\"postcontent\"><div class=\"newstext\"><h7 class=\"postdatum\">21.02.2025<\/h7><div class=\"newstextcontent\"><h2><a href=\"fr\/news\/#post-7635\">Live Festival Radio<\/a><\/h2><\/div><\/div><\/div><\/div><div class=\"post newspost \" id=\"post-7434\"><div class=\"postcontent\"><div class=\"newstext\"><h7 class=\"postdatum\">14.01.2025<\/h7><div class=\"newstextcontent\"><h2><a href=\"fr\/news\/#post-7434\">Le Programme 2025 est en ligne !<\/a><\/h2><\/div><\/div><\/div><\/div><div class=\"post newspost \" id=\"post-7254\"><div class=\"postcontent\"><div class=\"newstext\"><h7 class=\"postdatum\">17.12.2024<\/h7><div class=\"newstextcontent\"><h2><a href=\"fr\/news\/#post-7254\">10 PI\u00c8CES NOMIN\u00c9ES POUR LE CONCOURS NATIONAL 2025<\/a><\/h2><\/div><\/div><\/div><\/div><div class=\"post newspost \" id=\"post-7178\"><div class=\"postcontent\"><div class=\"newstext\"><h7 class=\"postdatum\">01.07.2024<\/h7><div class=\"newstextcontent\"><h2><a href=\"fr\/news\/#post-7178\">Save the date 2025 et autres invitations<\/a><\/h2><\/div><\/div><\/div><\/div><div class=\"post newspost \" id=\"post-7039\"><div class=\"postcontent\"><div class=\"newstext\"><h7 class=\"postdatum\">18.06.2024<\/h7><div class=\"newstextcontent\"><h2><a href=\"fr\/news\/#post-7039\">Concours National<\/a><\/h2><\/div><\/div><\/div><\/div><div class=\"post newspost \" id=\"post-7034\"><div class=\"postcontent\"><div class=\"newstext\"><h7 class=\"postdatum\">13.06.2024<\/h7><div class=\"newstextcontent\"><h2><a href=\"fr\/news\/#post-7034\">Open Call \u00abradikal audio\u00bb<\/a><\/h2><\/div><\/div><\/div><\/div><div class=\"post newspost \" id=\"post-6906\"><div class=\"postcontent\"><div class=\"newstext\"><h7 class=\"postdatum\">02.03.2024<\/h7><div class=\"newstextcontent\"><h2><a href=\"fr\/news\/#post-6906\">Un grand merci et des impressions du SONOHR 2024<\/a><\/h2><\/div><\/div><\/div><\/div><div class=\"post newspost \" id=\"post-6839\"><div class=\"postcontent\"><div class=\"newstext\"><h7 class=\"postdatum\">25.02.2024<\/h7><div class=\"newstextcontent\"><h2><a href=\"fr\/news\/#post-6839\">Les laur\u00e9at.e.s du concours 2024<\/a><\/h2><\/div><\/div><\/div><\/div><div class=\"post newspost \" id=\"post-6828\"><div class=\"postcontent\"><div class=\"newstext\"><h7 class=\"postdatum\">23.02.2024<\/h7><div class=\"newstextcontent\"><h2><a href=\"fr\/news\/#post-6828\">La comp\u00e9tition 2024 en streaming live<\/a><\/h2><\/div><\/div><\/div><\/div><div class=\"post newspost \" id=\"post-6824\"><div class=\"postcontent\"><div class=\"newstext\"><h7 class=\"postdatum\">23.02.2024<\/h7><div class=\"newstextcontent\"><h2><a href=\"fr\/news\/#post-6824\">LIVE FESTIVAL RADIO<\/a><\/h2><\/div><\/div><\/div><\/div><div class=\"post newspost \" id=\"post-6494\"><div class=\"postcontent\"><div class=\"newstext\"><h7 class=\"postdatum\">13.12.2023<\/h7><div class=\"newstextcontent\"><h2><a href=\"fr\/news\/#post-6494\">13 pi\u00e8ces nomin\u00e9es pour le concours national 2024<\/a><\/h2><\/div><\/div><\/div><\/div><div class=\"post newspost \" id=\"post-6281\"><div class=\"postcontent\"><div class=\"newstext\"><h7 class=\"postdatum\">04.07.2023<\/h7><div class=\"newstextcontent\"><h2><a href=\"fr\/news\/#post-6281\">Concours national de pi\u00e8ces sonores<\/a><\/h2><\/div><\/div><\/div><\/div><div class=\"post newspost \" id=\"post-6231\"><div class=\"postcontent\"><div class=\"newstext\"><h7 class=\"postdatum\">06.06.2023<\/h7><div class=\"newstextcontent\"><h2><a href=\"fr\/news\/#post-6231\">Open Call \u00abaudio unlimited\u00bb<\/a><\/h2><\/div><\/div><\/div><\/div><div class=\"post newspost \" id=\"post-6208\"><div class=\"postcontent\"><div class=\"newstext\"><h7 class=\"postdatum\">29.03.2023<\/h7><div class=\"newstextcontent\"><h2><a href=\"fr\/news\/#post-6208\">Merci ! Des impressions du SONOHR 2023<\/a><\/h2><\/div><\/div><\/div><\/div><div class=\"post newspost \" id=\"post-6061\"><div class=\"postcontent\"><div class=\"newstext\"><h7 class=\"postdatum\">27.02.2023<\/h7><div class=\"newstextcontent\"><h2><a href=\"fr\/news\/#post-6061\">And the winners are<\/a><\/h2><\/div><\/div><\/div><\/div><div class=\"post newspost \" id=\"post-5789\"><div class=\"postcontent\"><div class=\"newstext\"><h7 class=\"postdatum\">10.01.2023<\/h7><div class=\"newstextcontent\"><h2><a href=\"fr\/news\/#post-5789\">Le programme 2023 est en ligne!<\/a><\/h2><\/div><\/div><\/div><\/div><div class=\"post newspost \" id=\"post-5659\"><div class=\"postcontent\"><div class=\"newstext\"><h7 class=\"postdatum\">15.12.2022<\/h7><div class=\"newstextcontent\"><h2><a href=\"fr\/news\/#post-5659\">Concours national: Voici les pi\u00e8ces nomin\u00e9es pour l&rsquo;\u00e9dition 2023<\/a><\/h2><\/div><\/div><\/div><\/div><div class=\"post newspost \" id=\"post-5496\"><div class=\"postcontent\"><div class=\"newstext\"><h7 class=\"postdatum\">21.06.2022<\/h7><div class=\"newstextcontent\"><h2><a href=\"fr\/news\/#post-5496\">Concours national de pi\u00e8ces sonores<\/a><\/h2><\/div><\/div><\/div><\/div><div class=\"post newspost \" id=\"post-5445\"><div class=\"postcontent\"><div class=\"newstext\"><h7 class=\"postdatum\">30.05.2022<\/h7><div class=\"newstextcontent\"><h2><a href=\"fr\/news\/#post-5445\">Open Call<\/a><\/h2><\/div><\/div><\/div><\/div><div class=\"post newspost \" id=\"post-5144\"><div class=\"postcontent\"><div class=\"newstext\"><h7 class=\"postdatum\">17.03.2022<\/h7><div class=\"newstextcontent\"><h2><a href=\"fr\/news\/#post-5144\">Die Festivalkultur lebt<\/a><\/h2><\/div><\/div><\/div><\/div><div class=\"post newspost \" id=\"post-5110\"><div class=\"postcontent\"><div class=\"newstext\"><h7 class=\"postdatum\">27.02.2022<\/h7><div class=\"newstextcontent\"><h2><a href=\"fr\/news\/#post-5110\">And the winners are<\/a><\/h2><\/div><\/div><\/div><\/div><div class=\"post newspost \" id=\"post-5031\"><div class=\"postcontent\"><div class=\"newstext\"><h7 class=\"postdatum\">17.02.2022<\/h7><div class=\"newstextcontent\"><h2><a href=\"fr\/news\/#post-5031\">nous pr\u00e9sentons : notre jury 2022<\/a><\/h2><\/div><\/div><\/div><\/div><div class=\"post newspost \" id=\"post-4824\"><div class=\"postcontent\"><div class=\"newstext\"><h7 class=\"postdatum\">21.01.2022<\/h7><div class=\"newstextcontent\"><h2><a href=\"fr\/news\/#post-4824\">Le programme 2022 est en ligne!<\/a><\/h2><\/div><\/div><\/div><\/div><div class=\"post newspost \" id=\"post-4628\"><div class=\"postcontent\"><div class=\"newstext\"><h7 class=\"postdatum\">13.12.2021<\/h7><div class=\"newstextcontent\"><h2><a href=\"fr\/news\/#post-4628\">Concours national: Voici les pi\u00e8ces nomin\u00e9es pour l\u2019\u00e9dition 2022<\/a><\/h2><\/div><\/div><\/div><\/div><div class=\"post newspost \" id=\"post-4492\"><div class=\"postcontent\"><div class=\"newstext\"><h7 class=\"postdatum\">16.09.2021<\/h7><div class=\"newstextcontent\"><h2><a href=\"fr\/news\/#post-4492\">SONOHR replay: toutes les perles des archives<\/a><\/h2><\/div><\/div><\/div><\/div><div class=\"post newspost \" id=\"post-4490\"><div class=\"postcontent\"><div class=\"newstext\"><h7 class=\"postdatum\">08.07.2021<\/h7><div class=\"newstextcontent\"><h2><a href=\"fr\/news\/#post-4490\">Participez au concours national !<\/a><\/h2><\/div><\/div><\/div><\/div><div class=\"post newspost \" id=\"post-2656\"><div class=\"postcontent\"><div class=\"newstext\"><h7 class=\"postdatum\">27.05.2021<\/h7><div class=\"newstextcontent\"><h2><a href=\"fr\/news\/#post-2656\">Appel \u00e0 projets \u00ab Audible Spaces \u00bb\u00a0<\/a><\/h2><\/div><\/div><\/div><\/div><div class=\"post newspost \" id=\"post-2520\"><div class=\"postcontent\"><div class=\"newstext\"><h7 class=\"postdatum\">13.04.2021<\/h7><div class=\"newstextcontent\"><h2><a href=\"fr\/news\/#post-2520\">Out Now: en masse Podcast \u00abBarsch\u00bb<\/a><\/h2><\/div><\/div><\/div><\/div><div class=\"post newspost \" id=\"post-2515\"><div class=\"postcontent\"><div class=\"newstext\"><h7 class=\"postdatum\">08.04.2021<\/h7><div class=\"newstextcontent\"><h2><a href=\"fr\/news\/#post-2515\">Save the Date: NEXT SONOHR: 25.-27.2.2022<\/a><\/h2><\/div><\/div><\/div><\/div><div class=\"post newspost \" id=\"post-2444\"><div class=\"postcontent\"><div class=\"newstext\"><h7 class=\"postdatum\">31.03.2021<\/h7><div class=\"newstextcontent\"><h2><a href=\"fr\/news\/#post-2444\">Das war SONOHR 2021 &#8211; digital und \u00fcberall!<\/a><\/h2><\/div><\/div><\/div><\/div><div class=\"post newspost \" id=\"post-2393\"><div class=\"postcontent\"><div class=\"newstext\"><h7 class=\"postdatum\">28.02.2021<\/h7><div class=\"newstextcontent\"><h2><a href=\"fr\/news\/#post-2393\">Les laur\u00e9at*e*s 2021<\/a><\/h2><\/div><\/div><\/div><\/div><div class=\"post newspost \" id=\"post-2282\"><div class=\"postcontent\"><div class=\"newstext\"><h7 class=\"postdatum\">25.02.2021<\/h7><div class=\"newstextcontent\"><h2><a href=\"fr\/news\/#post-2282\">Le festival en un coup d&rsquo;oeil<\/a><\/h2><\/div><\/div><\/div><\/div><div class=\"post newspost \" id=\"post-1902\"><div class=\"postcontent\"><div class=\"newstext\"><h7 class=\"postdatum\">08.02.2021<\/h7><div class=\"newstextcontent\"><h2><a href=\"fr\/news\/#post-1902\">Acc\u00e8s au programme, \u00e0 la newsletter etc.<\/a><\/h2><\/div><\/div><\/div><\/div><div class=\"post newspost \" id=\"post-1708\"><div class=\"postcontent\"><div class=\"newstext\"><h7 class=\"postdatum\">20.01.2021<\/h7><div class=\"newstextcontent\"><h2><a href=\"fr\/news\/#post-1708\">SONOHR a lieu<\/a><\/h2><\/div><\/div><\/div><\/div><div class=\"post newspost \" id=\"post-1562\"><div class=\"postcontent\"><div class=\"newstext\"><h7 class=\"postdatum\">15.12.2020<\/h7><div class=\"newstextcontent\"><h2><a href=\"fr\/news\/#post-1562\">Voici les pi\u00e8ces nomin\u00e9es pour 2021<\/a><\/h2><\/div><\/div><\/div><\/div><div class=\"post newspost \" id=\"post-1532\"><div class=\"postcontent\"><div class=\"newstext\"><h7 class=\"postdatum\">13.11.2020<\/h7><div class=\"newstextcontent\"><h2><a href=\"fr\/news\/#post-1532\">Geschichten gesucht: #ankommeninBern<\/a><\/h2><\/div><\/div><\/div><\/div><div class=\"post newspost \" id=\"post-1528\"><div class=\"postcontent\"><div class=\"newstext\"><h7 class=\"postdatum\">12.10.2020<\/h7><div class=\"newstextcontent\"><h2><a href=\"fr\/news\/#post-1528\">Podcast-Premiere \u00abDRG\u00c4GE\u00bb<\/a><\/h2><\/div><\/div><\/div><\/div><div class=\"post newspost \" id=\"post-1517\"><div class=\"postcontent\"><div class=\"newstext\"><h7 class=\"postdatum\">15.09.2020<\/h7><div class=\"newstextcontent\"><h2><a href=\"fr\/news\/#post-1517\">Premiere \u00abWie die Geranie nach Bern verschleppt wurde\u00bb<\/a><\/h2><\/div><\/div><\/div><\/div><div class=\"post newspost \" id=\"post-1206\"><div class=\"postcontent\"><div class=\"newstext\"><h7 class=\"postdatum\">30.04.2020<\/h7><div class=\"newstextcontent\"><h2><a href=\"fr\/news\/#post-1206\">en masse Podcasts<\/a><\/h2><\/div><\/div><\/div><\/div><div class=\"post newspost \" id=\"post-774\"><div class=\"postcontent\"><div class=\"newstext\"><h7 class=\"postdatum\">27.02.2020<\/h7><div class=\"newstextcontent\"><h2><a href=\"fr\/news\/#post-774\">Festivalr\u00fcckblick: Danke Danke Danke!<\/a><\/h2><\/div><\/div><\/div><\/div><div class=\"post newspost \" id=\"post-800\"><div class=\"postcontent\"><div class=\"newstext\"><h7 class=\"postdatum\">27.02.2020<\/h7><div class=\"newstextcontent\"><h2><a href=\"fr\/news\/#post-800\">Das sind die Preistr\u00e4ger*innen SONOHR 2020<\/a><\/h2><\/div><\/div><\/div><\/div><div class=\"post newspost \" id=\"post-806\"><div class=\"postcontent\"><div class=\"newstext\"><h7 class=\"postdatum\">27.02.2020<\/h7><div class=\"newstextcontent\"><h2><a href=\"fr\/news\/#post-806\">Am SONOHR 2020 wurde erstmals der \u00abkatalysatOHR\u00bb verliehen<\/a><\/h2><\/div><\/div><\/div><\/div><div class=\"post newspost \" id=\"post-470\"><div class=\"postcontent\"><div class=\"newstext\"><h7 class=\"postdatum\">21.01.2020<\/h7><div class=\"newstextcontent\"><h2><a href=\"fr\/news\/#post-470\">Es ist da: Programm \u00abEn Masse\u00bb<\/a><\/h2><\/div><\/div><\/div><\/div><div class=\"post newspost \" id=\"post-82\"><div class=\"postcontent\"><div class=\"newstext\"><h7 class=\"postdatum\">14.01.2020<\/h7><div class=\"newstextcontent\"><h2><a href=\"fr\/news\/#post-82\">Neuer Look: Da guckt ihr!<\/a><\/h2><\/div><\/div><\/div><\/div><\/div>\n","protected":false},"excerpt":{"rendered":"","protected":false},"author":2,"featured_media":0,"parent":0,"menu_order":18,"comment_status":"closed","ping_status":"closed","template":"index-startseite copy.php","meta":{"_acf_changed":false,"footnotes":""},"class_list":["post-751","page","type-page","status-publish","hentry"],"acf":[],"_links":{"self":[{"href":"https:\/\/wp.sonohr.ch\/fr\/wp-json\/wp\/v2\/pages\/751","targetHints":{"allow":["GET"]}}],"collection":[{"href":"https:\/\/wp.sonohr.ch\/fr\/wp-json\/wp\/v2\/pages"}],"about":[{"href":"https:\/\/wp.sonohr.ch\/fr\/wp-json\/wp\/v2\/types\/page"}],"author":[{"embeddable":true,"href":"https:\/\/wp.sonohr.ch\/fr\/wp-json\/wp\/v2\/users\/2"}],"replies":[{"embeddable":true,"href":"https:\/\/wp.sonohr.ch\/fr\/wp-json\/wp\/v2\/comments?post=751"}],"version-history":[{"count":69,"href":"https:\/\/wp.sonohr.ch\/fr\/wp-json\/wp\/v2\/pages\/751\/revisions"}],"predecessor-version":[{"id":8004,"href":"https:\/\/wp.sonohr.ch\/fr\/wp-json\/wp\/v2\/pages\/751\/revisions\/8004"}],"wp:attachment":[{"href":"https:\/\/wp.sonohr.ch\/fr\/wp-json\/wp\/v2\/media?parent=751"}],"curies":[{"name":"wp","href":"https:\/\/api.w.org\/{rel}","templated":true}]}}