{"id":5534,"date":"2023-01-16T20:12:21","date_gmt":"2023-01-16T19:12:21","guid":{"rendered":"https:\/\/wp.sonohr.ch\/?page_id=5534"},"modified":"2026-02-05T11:18:10","modified_gmt":"2026-02-05T10:18:10","slug":"sonohr-on-air","status":"publish","type":"page","link":"https:\/\/wp.sonohr.ch\/fr\/sonohr-on-air\/","title":{"rendered":"SONOHR ON AIR"},"content":{"rendered":"<h1>SONOHR ON AIR<\/h1>\n<p>Live Festival Radio:<\/p>\n<p>Avec Sonohr On Air, nous voulons diffuser le festival sur les ondes dans toute la Suisse et au-del\u00e0. Pour ce faire, nous collaborons avec six radios culturelles suisses des trois r\u00e9gions linguistiques :<\/p>\n<ul>\n<li>Radio Gwendalyn, Chiasso<\/li>\n<li>Radio Kanal K, Aarau<\/li>\n<li>Radio Rabe, Bern<\/li>\n<li>Radio Rasa, Schaffhausen<\/li>\n<li>Radio Stadtfilter, Winterthur<\/li>\n<li>Radio Vostok, Genf<\/li>\n<\/ul>\n<p>Les radios prolongent Sonohr avec un programme adapt\u00e9 avant et apr\u00e8s le festival. Pendant le festival, elles sont pr\u00e9sentes au cin\u00e9ma Rex et diffusent en direct d&rsquo;int\u00e9ressants reportages de fond. Elles r\u00e9alisent \u00e9galement des interviews avec des podcasters, des producteurs et productrices de pi\u00e8ces radiophoniques et d&rsquo;autres cr\u00e9atrices et cr\u00e9ateurs audio.<\/p>\n<p>Une s\u00e9lection d&rsquo;interviews de Sonohr On Air avec des invit\u00e9s du SONOHR 2025 peut \u00eatre \u00e9cout\u00e9e dans notre podcast <a href=\"https:\/\/sonohr.ch\/fr\/podcasts\/\">SONOHR REPLAY<\/a>.<\/p>\n\n\n<hr class=\"wp-block-separator has-css-opacity is-style-wide\"\/>\n\n\n\n<div class=\"wp-block-columns is-layout-flex wp-container-core-columns-is-layout-9d6595d7 wp-block-columns-is-layout-flex\">\n<div class=\"wp-block-column is-layout-flow wp-block-column-is-layout-flow\"><div class=\"wp-block-image is-resized\">\n<figure class=\"aligncenter size-large\"><img loading=\"lazy\" decoding=\"async\" width=\"1200\" height=\"800\" src=\"https:\/\/wp.sonohr.ch\/wp-content\/uploads\/OnAir23-1200x800.jpg\" alt=\"\" class=\"wp-image-6135\" srcset=\"https:\/\/wp.sonohr.ch\/wp-content\/uploads\/OnAir23-1200x800.jpg 1200w, https:\/\/wp.sonohr.ch\/wp-content\/uploads\/OnAir23-768x512.jpg 768w, https:\/\/wp.sonohr.ch\/wp-content\/uploads\/OnAir23-1536x1024.jpg 1536w, https:\/\/wp.sonohr.ch\/wp-content\/uploads\/OnAir23.jpg 1620w\" sizes=\"auto, (max-width: 1200px) 100vw, 1200px\" \/><figcaption class=\"wp-element-caption\">L&rsquo;\u00e9quipe SONOHR ON AIR 2023.<\/figcaption><\/figure>\n<\/div><\/div>\n<\/div>\n\n\n\n<hr class=\"wp-block-separator has-css-opacity is-style-wide\"\/>\n\n\n\n<h2 class=\"wp-block-heading\">SONOHR on air 2025 est soutenu par<\/h2>\n\n\n\n<div class=\"wp-block-columns is-layout-flex wp-container-core-columns-is-layout-9d6595d7 wp-block-columns-is-layout-flex\">\n<div class=\"wp-block-column is-layout-flow wp-block-column-is-layout-flow\"><div class=\"wp-block-image is-resized\">\n<figure class=\"aligncenter size-large\"><img decoding=\"async\" src=\"https:\/\/wp.sonohr.ch\/wp-content\/uploads\/2020\/01\/srks.png\" alt=\"\" class=\"wp-image-4744\" style=\"width:220px\"\/><\/figure>\n<\/div><\/div>\n\n\n\n<div class=\"wp-block-column is-layout-flow wp-block-column-is-layout-flow\"><div class=\"wp-block-image is-resized\">\n<figure class=\"aligncenter size-full\"><img decoding=\"async\" src=\"https:\/\/wp.sonohr.ch\/wp-content\/uploads\/logo_oertli_stiftung-1.jpg\" alt=\"\" class=\"wp-image-4745\" style=\"width:130px\"\/><\/figure>\n<\/div><\/div>\n<\/div>\n\n\n\n<h2 class=\"wp-block-heading\">Stations radios participantes SONOHR ON AIR 2025<\/h2>\n\n\n\n<div class=\"wp-block-columns is-layout-flex wp-container-core-columns-is-layout-9d6595d7 wp-block-columns-is-layout-flex\">\n<div class=\"wp-block-column is-layout-flow wp-block-column-is-layout-flow\"><div class=\"wp-block-image is-resized\">\n<figure class=\"aligncenter size-large\"><img loading=\"lazy\" decoding=\"async\" width=\"1200\" height=\"446\" src=\"https:\/\/wp.sonohr.ch\/wp-content\/uploads\/1_Kanal_K_Logo_schwarz_mit_Claim-1200x446.jpg\" alt=\"\" class=\"wp-image-4746\" style=\"width:200px\" srcset=\"https:\/\/wp.sonohr.ch\/wp-content\/uploads\/1_Kanal_K_Logo_schwarz_mit_Claim-1200x446.jpg 1200w, https:\/\/wp.sonohr.ch\/wp-content\/uploads\/1_Kanal_K_Logo_schwarz_mit_Claim-768x285.jpg 768w, https:\/\/wp.sonohr.ch\/wp-content\/uploads\/1_Kanal_K_Logo_schwarz_mit_Claim-1536x571.jpg 1536w, https:\/\/wp.sonohr.ch\/wp-content\/uploads\/1_Kanal_K_Logo_schwarz_mit_Claim-2048x761.jpg 2048w\" sizes=\"auto, (max-width: 1200px) 100vw, 1200px\" \/><\/figure>\n<\/div><\/div>\n\n\n\n<div class=\"wp-block-column is-layout-flow wp-block-column-is-layout-flow\"><div class=\"wp-block-image is-resized\">\n<figure class=\"aligncenter size-large\"><img loading=\"lazy\" decoding=\"async\" width=\"1200\" height=\"1200\" src=\"https:\/\/wp.sonohr.ch\/wp-content\/uploads\/Radio-Gwen-QUAD-1200x1200.png\" alt=\"\" class=\"wp-image-4747\" style=\"width:170px\" srcset=\"https:\/\/wp.sonohr.ch\/wp-content\/uploads\/Radio-Gwen-QUAD-1200x1200.png 1200w, https:\/\/wp.sonohr.ch\/wp-content\/uploads\/Radio-Gwen-QUAD-300x300.png 300w, https:\/\/wp.sonohr.ch\/wp-content\/uploads\/Radio-Gwen-QUAD-768x768.png 768w, https:\/\/wp.sonohr.ch\/wp-content\/uploads\/Radio-Gwen-QUAD.png 1229w\" sizes=\"auto, (max-width: 1200px) 100vw, 1200px\" \/><\/figure>\n<\/div><\/div>\n\n\n\n<div class=\"wp-block-column is-layout-flow wp-block-column-is-layout-flow\"><div class=\"wp-block-image is-resized\">\n<figure class=\"aligncenter size-full\"><img loading=\"lazy\" decoding=\"async\" width=\"1106\" height=\"960\" src=\"https:\/\/wp.sonohr.ch\/wp-content\/uploads\/RaBe-Logo_2025_standard_black-w_.png\" alt=\"\" class=\"wp-image-8187\" style=\"width:216px\" srcset=\"https:\/\/wp.sonohr.ch\/wp-content\/uploads\/RaBe-Logo_2025_standard_black-w_.png 1106w, https:\/\/wp.sonohr.ch\/wp-content\/uploads\/RaBe-Logo_2025_standard_black-w_-768x667.png 768w\" sizes=\"auto, (max-width: 1106px) 100vw, 1106px\" \/><\/figure>\n<\/div><\/div>\n<\/div>\n\n\n\n<div class=\"wp-block-columns is-layout-flex wp-container-core-columns-is-layout-9d6595d7 wp-block-columns-is-layout-flex\">\n<div class=\"wp-block-column is-layout-flow wp-block-column-is-layout-flow\"><div class=\"wp-block-image is-resized\">\n<figure class=\"aligncenter size-full\"><img loading=\"lazy\" decoding=\"async\" width=\"400\" height=\"425\" src=\"https:\/\/wp.sonohr.ch\/wp-content\/uploads\/radio_rasa_schaffhausen-1.jpg\" alt=\"\" class=\"wp-image-6674\" style=\"width:150px\"\/><\/figure>\n<\/div><\/div>\n\n\n\n<div class=\"wp-block-column is-layout-flow wp-block-column-is-layout-flow\"><div class=\"wp-block-image\">\n<figure class=\"aligncenter size-full is-resized\"><img loading=\"lazy\" decoding=\"async\" width=\"2560\" height=\"1072\" src=\"https:\/\/wp.sonohr.ch\/wp-content\/uploads\/Stadtfilter_logo_quer_orangerot-scaled.jpg\" alt=\"\" class=\"wp-image-6673\" style=\"width:200px\" srcset=\"https:\/\/wp.sonohr.ch\/wp-content\/uploads\/Stadtfilter_logo_quer_orangerot-scaled.jpg 2560w, https:\/\/wp.sonohr.ch\/wp-content\/uploads\/Stadtfilter_logo_quer_orangerot-1200x503.jpg 1200w, https:\/\/wp.sonohr.ch\/wp-content\/uploads\/Stadtfilter_logo_quer_orangerot-768x322.jpg 768w, https:\/\/wp.sonohr.ch\/wp-content\/uploads\/Stadtfilter_logo_quer_orangerot-1536x643.jpg 1536w, https:\/\/wp.sonohr.ch\/wp-content\/uploads\/Stadtfilter_logo_quer_orangerot-2048x858.jpg 2048w\" sizes=\"auto, (max-width: 2560px) 100vw, 2560px\" \/><\/figure>\n<\/div><\/div>\n\n\n\n<div class=\"wp-block-column is-layout-flow wp-block-column-is-layout-flow\"><div class=\"wp-block-image is-resized\">\n<figure class=\"aligncenter size-large\"><img loading=\"lazy\" decoding=\"async\" width=\"1200\" height=\"721\" src=\"https:\/\/wp.sonohr.ch\/wp-content\/uploads\/LogoVostok_dab_dabplus_black-1200x721.png\" alt=\"\" class=\"wp-image-4755\" style=\"width:193px\" srcset=\"https:\/\/wp.sonohr.ch\/wp-content\/uploads\/LogoVostok_dab_dabplus_black-1200x721.png 1200w, https:\/\/wp.sonohr.ch\/wp-content\/uploads\/LogoVostok_dab_dabplus_black-768x461.png 768w, https:\/\/wp.sonohr.ch\/wp-content\/uploads\/LogoVostok_dab_dabplus_black-1536x922.png 1536w, https:\/\/wp.sonohr.ch\/wp-content\/uploads\/LogoVostok_dab_dabplus_black-2048x1230.png 2048w\" sizes=\"auto, (max-width: 1200px) 100vw, 1200px\" \/><\/figure>\n<\/div><\/div>\n<\/div>\n","protected":false},"excerpt":{"rendered":"<p>SONOHR ON AIR Live Festival Radio: Avec Sonohr On Air, nous voulons diffuser le festival sur les ondes dans toute la Suisse et au-del\u00e0. Pour ce faire, nous collaborons avec six radios culturelles suisses des trois r\u00e9gions linguistiques : Radio Gwendalyn, Chiasso Radio Kanal K, Aarau Radio Rabe, Bern Radio Rasa, Schaffhausen Radio Stadtfilter, Winterthur&nbsp;<a class=\"readmore\" href=\"https:\/\/wp.sonohr.ch\/fr\/sonohr-on-air\/\">\u2192MEHR<\/p>\n","protected":false},"author":7,"featured_media":0,"parent":0,"menu_order":9,"comment_status":"closed","ping_status":"closed","template":"","meta":{"_acf_changed":false,"footnotes":""},"class_list":["post-5534","page","type-page","status-publish","hentry"],"acf":[],"_links":{"self":[{"href":"https:\/\/wp.sonohr.ch\/fr\/wp-json\/wp\/v2\/pages\/5534","targetHints":{"allow":["GET"]}}],"collection":[{"href":"https:\/\/wp.sonohr.ch\/fr\/wp-json\/wp\/v2\/pages"}],"about":[{"href":"https:\/\/wp.sonohr.ch\/fr\/wp-json\/wp\/v2\/types\/page"}],"author":[{"embeddable":true,"href":"https:\/\/wp.sonohr.ch\/fr\/wp-json\/wp\/v2\/users\/7"}],"replies":[{"embeddable":true,"href":"https:\/\/wp.sonohr.ch\/fr\/wp-json\/wp\/v2\/comments?post=5534"}],"version-history":[{"count":182,"href":"https:\/\/wp.sonohr.ch\/fr\/wp-json\/wp\/v2\/pages\/5534\/revisions"}],"predecessor-version":[{"id":8193,"href":"https:\/\/wp.sonohr.ch\/fr\/wp-json\/wp\/v2\/pages\/5534\/revisions\/8193"}],"wp:attachment":[{"href":"https:\/\/wp.sonohr.ch\/fr\/wp-json\/wp\/v2\/media?parent=5534"}],"curies":[{"name":"wp","href":"https:\/\/api.w.org\/{rel}","templated":true}]}}