{"id":5303,"date":"2022-04-21T12:21:21","date_gmt":"2022-04-21T11:21:21","guid":{"rendered":"https:\/\/wp.sonohr.ch\/?page_id=5303"},"modified":"2022-05-09T15:02:35","modified_gmt":"2022-05-09T14:02:35","slug":"podcasts","status":"publish","type":"page","link":"https:\/\/wp.sonohr.ch\/fr\/podcasts\/","title":{"rendered":"Podcasts"},"content":{"rendered":"<h1>SONOHR Replay<br \/>\nPodcast<\/h1>\n<p>Le podcast du festival est destin\u00e9 \u00e0 vous faire revivre les meilleurs moments du Festival. SONOHR REPLAY permet de r\u00e9\u00e9couter les cr\u00e9ations audios s\u00e9lectionn\u00e9es durant nos onze \u00e9ditions et d\u2019en reparler avec leurs auteurs et autrices. Il y a des \u00e9pisodes dans diff\u00e9rentes langues, dont le fran\u00e7ais. Les pi\u00e8ces sonores et cr\u00e9ations radiophoniques proviennent de notre <a href=\"http:\/\/www.sonohr.ch\/sonothek\">SONOTHEK<\/a>, nos archives o\u00f9 vous pouvez trouver de nombreux autres morceaux audio \u00e0 (r\u00e9)\u00e9couter. Juste apr\u00e8s le festival, nous publierons \u00e9galement une s\u00e9lection des meilleurs moments du week-end.<\/p>\n<p>Ce podcast est multilingue, les langues des diff\u00e9rents \u00e9pisodes sont indiqu\u00e9es dans le titre.<\/p>\n<p><iframe loading=\"lazy\" style=\"border: none; min-width: min(100%, 430px);\" title=\"SONOHR Replay\" src=\"https:\/\/www.podbean.com\/player-v2\/?i=ki4zu-c13efe-pbblog-playlist&#038;share=1&#038;download=0&#038;rtl=0&#038;fonts=Arial&#038;skin=1b1b1b&#038;font-color=auto&#038;logo_link=episode_page&#038;order=episodic&#038;limit=104&#038;filter=all&#038;ss=54a63d21c07c25e7e3855eb5ef92d927&#038;btn-skin=00ff8e&#038;size=315\" width=\"100%\" height=\"1000\" scrolling=\"no\" allowfullscreen=\"allowfullscreen\" data-name=\"pb-iframe-player\"><\/iframe><\/p>\n","protected":false},"excerpt":{"rendered":"<p>SONOHR Replay Podcast Le podcast du festival est destin\u00e9 \u00e0 vous faire revivre les meilleurs moments du Festival. SONOHR REPLAY permet de r\u00e9\u00e9couter les cr\u00e9ations audios s\u00e9lectionn\u00e9es durant nos onze \u00e9ditions et d\u2019en reparler avec leurs auteurs et autrices. Il y a des \u00e9pisodes dans diff\u00e9rentes langues, dont le fran\u00e7ais. Les pi\u00e8ces sonores et cr\u00e9ations&nbsp;<a class=\"readmore\" href=\"https:\/\/wp.sonohr.ch\/fr\/podcasts\/\">\u2192MEHR<\/p>\n","protected":false},"author":7,"featured_media":0,"parent":0,"menu_order":11,"comment_status":"closed","ping_status":"closed","template":"","meta":{"_acf_changed":false,"footnotes":""},"class_list":["post-5303","page","type-page","status-publish","hentry"],"acf":[],"_links":{"self":[{"href":"https:\/\/wp.sonohr.ch\/fr\/wp-json\/wp\/v2\/pages\/5303","targetHints":{"allow":["GET"]}}],"collection":[{"href":"https:\/\/wp.sonohr.ch\/fr\/wp-json\/wp\/v2\/pages"}],"about":[{"href":"https:\/\/wp.sonohr.ch\/fr\/wp-json\/wp\/v2\/types\/page"}],"author":[{"embeddable":true,"href":"https:\/\/wp.sonohr.ch\/fr\/wp-json\/wp\/v2\/users\/7"}],"replies":[{"embeddable":true,"href":"https:\/\/wp.sonohr.ch\/fr\/wp-json\/wp\/v2\/comments?post=5303"}],"version-history":[{"count":93,"href":"https:\/\/wp.sonohr.ch\/fr\/wp-json\/wp\/v2\/pages\/5303\/revisions"}],"predecessor-version":[{"id":5427,"href":"https:\/\/wp.sonohr.ch\/fr\/wp-json\/wp\/v2\/pages\/5303\/revisions\/5427"}],"wp:attachment":[{"href":"https:\/\/wp.sonohr.ch\/fr\/wp-json\/wp\/v2\/media?parent=5303"}],"curies":[{"name":"wp","href":"https:\/\/api.w.org\/{rel}","templated":true}]}}