{"id":51,"date":"2020-01-12T18:07:25","date_gmt":"2020-01-12T17:07:25","guid":{"rendered":"http:\/\/localhost\/?page_id=51"},"modified":"2022-07-05T13:34:30","modified_gmt":"2022-07-05T12:34:30","slug":"sonothek-info","status":"publish","type":"page","link":"https:\/\/wp.sonohr.ch\/fr\/sonothek-info\/","title":{"rendered":"SONOTHEK"},"content":{"rendered":"<div class=\"fl-module fl-module-rich-text fl-node-5c710ff3f1537\" data-node=\"5c710ff3f1537\">\r\n<div class=\"fl-module-content fl-node-content\">\r\n<div class=\"fl-rich-text\">\r\n<h1><strong>SONOTHEK<\/strong><\/h1>\r\n<p>Douze ans de SONOHR &#8211; cela signifie non seulement douze \u00e9ditions d&rsquo;un festival consacr\u00e9 \u00e0 la diversit\u00e9 de la cr\u00e9ation sonore, mais aussi une collection de plus de 250 pi\u00e8ces sonores qui, au cours de huit ans, ont \u00e9t\u00e9 r\u00e9unies sur une plateforme \u00e0 SONOHR.<\/p>\r\n<p>Pour que ces pi\u00e8ces ne soient pas simplement oubli\u00e9es dans un tiroir, nous avons travaill\u00e9 \u00e0 l&rsquo;ouverture de nos propres archives : en collaboration\u00a0 avec\u00a0 la <a href=\"https:\/\/www.fonoteca.ch\/index_fr.htm\">Phonoth\u00e8que nationale suisse<\/a> et <a href=\"https:\/\/memoriav.ch\/\">Memoriav<\/a>, l&rsquo;association pour la sauvegarde du patrimoine audiovisuel de la Suisse, les archives num\u00e9riques \u00ab\u00a0SONOTHEK\u00a0\u00bb ont \u00e9t\u00e9 cr\u00e9\u00e9es. Gr\u00e2ce \u00e0 l&rsquo;accord des cr\u00e9ateurs audio, nous sommes en mesure de mettre en ligne une grande partie de ces productions pour les r\u00e9\u00e9couter en int\u00e9gralit\u00e9. Nous travaillons actuellement \u00e0 l&rsquo;\u00e9dition des pi\u00e8ces audio du 12<sup>e<\/sup> festival.<\/p>\r\n<h5><a href=\"https:\/\/wp.sonohr.ch\/audio\/\">acc\u00e8s \u00e0 l&rsquo;archive<\/a><\/h5>\r\n<p>&nbsp;<\/p>\r\n<\/div>\r\n<\/div>\r\n<\/div>\r\n<div class=\"fl-module fl-module-html fl-node-5c7118433b0d4\" data-node=\"5c7118433b0d4\">\r\n<div class=\"fl-module-content fl-node-content\">\r\n<div class=\"fl-html\"><hr \/><\/div>\r\n<\/div>\r\n<\/div>\r\n<div class=\"fl-module fl-module-rich-text fl-node-5c711866e5123\" data-node=\"5c711866e5123\">\r\n<div class=\"fl-module-content fl-node-content\">\r\n<div class=\"fl-rich-text\">\r\n<p><em>La SONOTHEK est rendue possible gr\u00e2ce \u00e0 Memoriav, l&rsquo;Association pour la sauvegarde du patrimoine audiovisuel suisse, la Phonoth\u00e8que nationale suisse, la Fondation suisse pour la radio et la culture suisse (SRKS\/FSRC) et au Fonds culturel Pro Litteris.<\/em><\/p>\r\n<div class=\"fl-module fl-module-rich-text fl-node-5c711866e5123\" data-node=\"5c711866e5123\">\r\n<div class=\"fl-module-content fl-node-content\">\r\n<div class=\"fl-rich-text\">\r\n<p>&nbsp;<\/p>\r\n<\/div>\r\n<\/div>\r\n<\/div>\r\n<p><\/p>\r\n<div class=\"wp-block-columns is-layout-flex wp-container-core-columns-is-layout-9d6595d7 wp-block-columns-is-layout-flex\">\r\n<div class=\"wp-block-column is-layout-flow wp-block-column-is-layout-flow\">\r\n<div class=\"wp-block-image\">\r\n<figure class=\"aligncenter size-full is-resized\"><img loading=\"lazy\" decoding=\"async\" class=\"wp-image-532\" src=\"https:\/\/wp.sonohr.ch\/wp-content\/uploads\/2020\/01\/Logo_Memoriav.jpg\" alt=\"\" width=\"214\" height=\"96\" srcset=\"https:\/\/wp.sonohr.ch\/wp-content\/uploads\/2020\/01\/Logo_Memoriav.jpg 1293w, https:\/\/wp.sonohr.ch\/wp-content\/uploads\/2020\/01\/Logo_Memoriav-768x344.jpg 768w\" sizes=\"auto, (max-width: 214px) 100vw, 214px\" \/><\/figure>\r\n<\/div>\r\n<\/div>\r\n\r\n\r\n\r\n<div class=\"wp-block-column is-layout-flow wp-block-column-is-layout-flow\">\r\n<div class=\"wp-block-image\">\r\n<figure class=\"aligncenter size-full\"><img loading=\"lazy\" decoding=\"async\" width=\"324\" height=\"89\" class=\"wp-image-533\" src=\"https:\/\/wp.sonohr.ch\/wp-content\/uploads\/2020\/01\/Logo_FN.gif\" alt=\"\" \/><\/figure>\r\n<\/div>\r\n\r\n\r\n\r\n<div class=\"wp-block-columns is-layout-flex wp-container-core-columns-is-layout-9d6595d7 wp-block-columns-is-layout-flex\">\r\n<div class=\"wp-block-column is-layout-flow wp-block-column-is-layout-flow\">\u00a0<\/div>\r\n\r\n\r\n\r\n<div class=\"wp-block-column is-layout-flow wp-block-column-is-layout-flow\">\u00a0<\/div>\r\n<\/div>\r\n<\/div>\r\n\r\n\r\n\r\n<div class=\"wp-block-column is-layout-flow wp-block-column-is-layout-flow\">\r\n<div class=\"wp-block-image\">\r\n<figure class=\"aligncenter size-large is-resized\"><img loading=\"lazy\" decoding=\"async\" class=\"wp-image-2576\" src=\"https:\/\/wp.sonohr.ch\/wp-content\/uploads\/Logo_Farbe-1200x376.jpg\" alt=\"\" width=\"203\" height=\"62\" \/><\/figure>\r\n<\/div>\r\n<\/div>\r\n<\/div>\r\n<p>\r\n\r\n<\/p>\r\n<div class=\"wp-block-columns is-layout-flex wp-container-core-columns-is-layout-9d6595d7 wp-block-columns-is-layout-flex\">\r\n<div class=\"wp-block-column is-layout-flow wp-block-column-is-layout-flow\">\r\n<div class=\"wp-block-image\">\r\n<figure class=\"aligncenter size-large is-resized\"><img loading=\"lazy\" decoding=\"async\" class=\"wp-image-307\" src=\"https:\/\/wp.sonohr.ch\/wp-content\/uploads\/2020\/01\/SL_KtBE_Kultur_d_4f.jpg\" alt=\"\" width=\"139\" height=\"51\" srcset=\"https:\/\/wp.sonohr.ch\/wp-content\/uploads\/2020\/01\/SL_KtBE_Kultur_d_4f.jpg 1589w, https:\/\/wp.sonohr.ch\/wp-content\/uploads\/2020\/01\/SL_KtBE_Kultur_d_4f-768x283.jpg 768w, https:\/\/wp.sonohr.ch\/wp-content\/uploads\/2020\/01\/SL_KtBE_Kultur_d_4f-1536x565.jpg 1536w\" sizes=\"auto, (max-width: 139px) 100vw, 139px\" \/><\/figure>\r\n<\/div>\r\n<\/div>\r\n\r\n\r\n\r\n<div class=\"wp-block-column is-layout-flow wp-block-column-is-layout-flow\">\r\n<div class=\"wp-block-image\">\r\n<figure class=\"aligncenter size-large is-resized\"><img loading=\"lazy\" decoding=\"async\" class=\"wp-image-294\" src=\"https:\/\/wp.sonohr.ch\/wp-content\/uploads\/2020\/01\/2_Kultur_stadt_bern-1.png\" alt=\"\" width=\"126\" height=\"56\" \/><\/figure>\r\n<\/div>\r\n\r\n\r\n\r\n<p>&nbsp;<\/p>\r\n<\/div>\r\n\r\n\r\n\r\n<div class=\"wp-block-column is-layout-flow wp-block-column-is-layout-flow\">\r\n<div class=\"wp-block-image\">\r\n<figure class=\"aligncenter size-large is-resized\"><img loading=\"lazy\" decoding=\"async\" class=\"wp-image-2617\" src=\"https:\/\/wp.sonohr.ch\/wp-content\/uploads\/logo_stzh_ktr_rgb_blau_digital.png\" alt=\"\" width=\"159\" height=\"52\" \/><\/figure>\r\n<\/div>\r\n<\/div>\r\n<\/div>\r\n<p>\r\n\r\n<\/p>\r\n<div class=\"wp-block-columns is-layout-flex wp-container-core-columns-is-layout-9d6595d7 wp-block-columns-is-layout-flex\">\r\n<div class=\"wp-block-column is-layout-flow wp-block-column-is-layout-flow\">\r\n<div class=\"wp-block-image\">\r\n<figure class=\"aligncenter size-large is-resized\"><img loading=\"lazy\" decoding=\"async\" class=\"wp-image-290\" src=\"https:\/\/wp.sonohr.ch\/wp-content\/uploads\/2020\/01\/srks.png\" alt=\"\" width=\"143\" height=\"37\" \/><\/figure>\r\n<\/div>\r\n<\/div>\r\n\r\n\r\n\r\n<div class=\"wp-block-column is-layout-flow wp-block-column-is-layout-flow\">\r\n<div class=\"wp-block-image\">\r\n<figure class=\"aligncenter size-large is-resized\"><img loading=\"lazy\" decoding=\"async\" class=\"wp-image-1870\" src=\"https:\/\/wp.sonohr.ch\/wp-content\/uploads\/9_ProLitteris_Logo_RGB_Gruen-1200x173.png\" alt=\"\" width=\"141\" height=\"19\" srcset=\"https:\/\/wp.sonohr.ch\/wp-content\/uploads\/9_ProLitteris_Logo_RGB_Gruen-1200x173.png 1200w, https:\/\/wp.sonohr.ch\/wp-content\/uploads\/9_ProLitteris_Logo_RGB_Gruen-768x111.png 768w, https:\/\/wp.sonohr.ch\/wp-content\/uploads\/9_ProLitteris_Logo_RGB_Gruen.png 1501w\" sizes=\"auto, (max-width: 141px) 100vw, 141px\" \/><\/figure>\r\n<\/div>\r\n<\/div>\r\n\r\n\r\n\r\n<div class=\"wp-block-column is-layout-flow wp-block-column-is-layout-flow\">\u00a0<\/div>\r\n<\/div>\r\n<p>\r\n\r\n<\/p>\r\n<div class=\"wp-block-columns is-layout-flex wp-container-core-columns-is-layout-9d6595d7 wp-block-columns-is-layout-flex\">\r\n<div class=\"wp-block-column is-layout-flow wp-block-column-is-layout-flow\">\u00a0<\/div>\r\n<\/div>\r\n<\/div>\r\n<\/div>\r\n<\/div>\r\n<div class=\"wp-block-columns\">\r\n<div class=\"wp-block-column\">\r\n<div class=\"wp-block-columns\">\r\n<div class=\"wp-block-column\"><\/div>\r\n<\/div>\r\n<!-- \/wp:post-content --><\/div>\r\n<!-- \/wp:column --><\/div>\r\n<!-- \/wp:columns -->","protected":false},"excerpt":{"rendered":"<p>SONOTHEK Douze ans de SONOHR &#8211; cela signifie non seulement douze \u00e9ditions d&rsquo;un festival consacr\u00e9 \u00e0 la diversit\u00e9 de la cr\u00e9ation sonore, mais aussi une collection de plus de 250 pi\u00e8ces sonores qui, au cours de huit ans, ont \u00e9t\u00e9 r\u00e9unies sur une plateforme \u00e0 SONOHR. Pour que ces pi\u00e8ces ne soient pas simplement oubli\u00e9es&nbsp;<a class=\"readmore\" href=\"https:\/\/wp.sonohr.ch\/fr\/sonothek-info\/\">\u2192MEHR<\/p>\n","protected":false},"author":2,"featured_media":0,"parent":0,"menu_order":33,"comment_status":"closed","ping_status":"closed","template":"","meta":{"_acf_changed":false,"footnotes":""},"class_list":["post-51","page","type-page","status-publish","hentry"],"acf":[],"_links":{"self":[{"href":"https:\/\/wp.sonohr.ch\/fr\/wp-json\/wp\/v2\/pages\/51","targetHints":{"allow":["GET"]}}],"collection":[{"href":"https:\/\/wp.sonohr.ch\/fr\/wp-json\/wp\/v2\/pages"}],"about":[{"href":"https:\/\/wp.sonohr.ch\/fr\/wp-json\/wp\/v2\/types\/page"}],"author":[{"embeddable":true,"href":"https:\/\/wp.sonohr.ch\/fr\/wp-json\/wp\/v2\/users\/2"}],"replies":[{"embeddable":true,"href":"https:\/\/wp.sonohr.ch\/fr\/wp-json\/wp\/v2\/comments?post=51"}],"version-history":[{"count":84,"href":"https:\/\/wp.sonohr.ch\/fr\/wp-json\/wp\/v2\/pages\/51\/revisions"}],"predecessor-version":[{"id":5519,"href":"https:\/\/wp.sonohr.ch\/fr\/wp-json\/wp\/v2\/pages\/51\/revisions\/5519"}],"wp:attachment":[{"href":"https:\/\/wp.sonohr.ch\/fr\/wp-json\/wp\/v2\/media?parent=51"}],"curies":[{"name":"wp","href":"https:\/\/api.w.org\/{rel}","templated":true}]}}