{"id":49,"date":"2020-01-12T18:07:14","date_gmt":"2020-01-12T17:07:14","guid":{"rendered":"http:\/\/localhost\/?page_id=49"},"modified":"2025-08-12T08:19:10","modified_gmt":"2025-08-12T07:19:10","slug":"wettbewerb","status":"publish","type":"page","link":"https:\/\/wp.sonohr.ch\/fr\/wettbewerb\/","title":{"rendered":"Concours"},"content":{"rendered":"\r\n<h1>Concours national<\/h1>\r\n<p><strong>Appel \u00e0 participation 2026<\/strong><\/p>\r\n<p>Pour le concours national de sa 16\u00e8me \u00e9dition, qui aura lieu du 27 f\u00e9vrier au 1 mars 2026 \u00e0 Berne, le festival SONOHR recherche:<\/p>\r\n<p><em>Productions souhait\u00e9es <\/em><br \/>La comp\u00e9tition est ouverte aux cr\u00e9ations sonores et podcasts de fiction, documentaires, artistiques ou mixtes; des pi\u00e8ces sonores o\u00f9 le contenu, la r\u00e9alisation et la dur\u00e9e forment un tout convainquant et explorent la richesse du langage sonore.<\/p>\r\n<p><em>Productions non souhait\u00e9es<\/em><br \/>La comp\u00e9tition ne s\u2019adresse pas aux \u00e9missions de type magazine avec musique ni aux podcasts de discussions, \u00e9missions en direct, Spoken Word, livres audio, prestations musicales.<\/p>\r\n<p><em>Dur\u00e9e des pi\u00e8ces sonores<\/em><br \/>De 1 \u00e0 60 minutes maximum, la soumission d\u2019un extrait de s\u00e9ries plus longues est possible.<\/p>\r\n<p><strong>Conditions de participation<\/strong><\/p>\r\n<ul>\r\n<li>La pi\u00e8ce sonore est d&rsquo;origine suisse ou \u00e0 une r\u00e9f\u00e9rence claire et \u00e9vidente avec la Suisse.<\/li>\r\n<li>Les auteurs\u2022trices d\u00e9clarent qu&rsquo;ils d\u00e9tiennent les droits d&rsquo;exploitation sur la production n\u00e9cessaires \u00e0 la participation au concours<\/li>\r\n<li>Sa cr\u00e9ation ou \u00e9ventuelle diffusion ne date pas de plus de 2 ans (date limite de soumission).<\/li>\r\n<li>Une seule soumission par qualit\u00e9 d&rsquo;auteur\u2022trice<\/li>\r\n<li>Une transcription doit \u00eatre soumise. Les longues interviews peuvent \u00eatre r\u00e9sum\u00e9es par leur intention.<\/li>\r\n<\/ul>\r\n<p>Toutes les conditions de participation sont d\u00e9crites dans le <a href=\"https:\/\/wp.sonohr.ch\/wp-content\/uploads\/Reglement_concours_SONOHR.pdf\" target=\"_blank\" rel=\"noopener\"><strong>r\u00e8glement du concours<\/strong><\/a>.<\/p>\r\n<p><strong><br \/>Formalit\u00e9s<\/strong><\/p>\r\n<p>L&rsquo;inscription se fait en ligne \u00e0 l&rsquo;aide du formulaire d&rsquo;inscription.<\/p>\r\n<p>Veuillez soumettre le fichier original dans la meilleure qualit\u00e9 possible et en format st\u00e9r\u00e9o : de pr\u00e9f\u00e9rence un format non compress\u00e9 (WAV, FLAC, AIFF, min. 44,1 kHz 16bit).<\/p>\r\n<p>Merci d\u2019envoyer la transcription \u00e0 <a href=\"mailto:applications@sonohr.ch\">applications@sonohr.ch<\/a><\/p>\r\n<p>Les nominations pour le concours sont faites par le comit\u00e9 de SONOHR. Les gagnant\u2022es sont d\u00e9sign\u00e9s par le public et le jury. Des prix seront attribu\u00e9s dans des cat\u00e9gories diff\u00e9rentes.<\/p>\r\n<p>Pour toutes questions :\u00a0<a href=\"mailto:applications@sonohr.ch\">applications@sonohr.ch<\/a> ou 031 544 33 50<\/p>\r\n<p><strong>D\u00e9lai de soumission : <\/strong>La date limite de d\u00e9p\u00f4t des candidatures est expir\u00e9e.<br \/><strong><br \/><\/strong><\/p>\r\n<h2>\u00a0<\/h2>\r\n<h2 id=\"national\"><b>Concours national\u00a0<\/b>2025<\/h2>\r\n<p>&nbsp;<\/p>\r\n<p><strong>Laur\u00e9at\u2022e\u2022s 2025<\/strong><\/p>\r\n<p>Prix du jury de la Fondation Suisse pour la radio et la culture FSRC, CHF 2\u2019000.-<br \/><strong>\u00ab12<\/strong><strong>sonances\u00bb <\/strong><strong>de <\/strong><strong>G\u00e9rald Wang et Amber Meulenijzer<\/strong><\/p>\r\n<p>Prix du jury Syndicat suisse des mass media SSM, CHF 2\u2019000.-<br \/><strong>\u00abFrom Nutmeg to Dodo\u00bb von Mich\u00e8le Rusconi<\/strong><\/p>\r\n<p>Prix de reconnaissance <em>\u00abHerzst\u00fcck\u00bb <\/em>du jury, CHF 1\u2019000.-<br \/><strong>\u00abHistoire de cris\u00bb de Am\u00e9lie Charcosset<\/strong><strong>\u00a0<\/strong><\/p>\r\n<p>Prix de reconnaissance <em>\u00abPrix engagement\u00bb<\/em><em>\u00a0<\/em>du jury, CHF 1\u2019000.-<br \/><strong>\u00abC\u00e9r\u00e9monie pour un veau\u00bb de Rachel Maisonneuve<\/strong><\/p>\r\n<p>Prix public SONOHR<br \/><strong>\u00abHistoire de cris\u00bb de Am\u00e9lie Charcosset<\/strong><strong>\u00a0<\/strong><\/p>\r\n<p>\r\n\r\n<\/p>\r\n<p>&nbsp;<\/p>\r\n<p><strong>Jury<\/strong><\/p>\r\n<p><strong>Joe\u0308lle Cachin<\/strong> est journaliste, originaire de la re\u0301gion lausannoise. Apre\u0300s un master en journalisme et communication, elle se forme a\u0300 la RTS au sein du de\u0301partement d\u2019actualite\u0301 radio. Elle travaille alors pour diffe\u0301rentes e\u0301missions, dont 15 Minutes pour qui elle re\u0301alise des reportages. En 2020, elle remporte la 2e\u0300me place aux Swiss Press Awards pour un long format sur l\u2019e\u0301pide\u0301mie d\u2019Ebola. Aujourd\u2019hui, Joe\u0308lle Cachin travaille en freelance, avec des mandats re\u0301guliers pour le podcast Le Point J et aupre\u0300s de clients institutionnels et prive\u0301s. Elle est spe\u0301cialise\u0301e dans la cre\u0301ation sonore.<\/p>\r\n<p><strong>Martin Bezzola<\/strong> lebt, arbeitet und unterrichtet als Komponist und Sound Designer in Zu\u0308rich. Als ausgebildeter Tontechniker und Musiker (HKB Soundarts) gru\u0308ndete er 2008 die Klanggestalter GmbH, mit der er die Musik fu\u0308r rund 70 Ho\u0308rspiele, Dokumentar- und Spielfilme umsetzte. Seit jeher fasziniert ihn das Spannungsfeld zwischen funktionaler Musik und Kunst. Neben Auftra\u0308gen verwirklicht er deshalb eigene Arbeiten, die keinen bestimmten Vorgaben unterliegen und der kreativen Entfaltung als Audio-Ku\u0308nstler Raum geben \u2013 zum Beispiel in den Feldern Klangkunst, Regie, Theater, Neue Medien und Performance.<\/p>\r\n<p><strong>Wolfram Ho\u0308ll<\/strong> ist Ho\u0308rspielregisseur und Dramatiker. Er hat Literarisches Schreiben am Schweizerischen Literaturinstitut Biel und Theater an der Hochschule der Ku\u0308nste Bern studiert. Ho\u0308ll hat einige Ho\u0308rspiele ge- schrieben und noch viel mehr produziert, vor allem von Schweizer Autor*innen. Seit 2022 ist Wolfram Ho\u0308ll verantwortlich fu\u0308r das Ho\u0308rspielangebot beim Schweizer Radio und Fernsehen SRF.<\/p>\r\n<p>&nbsp;<\/p>\r\n<p><strong>Comit\u00e9 de nomination<\/strong><\/p>\r\n<p>Gay-Balmaz, Luigi Jorio, Tobias Lambrecht, Cheyenne Mackay, Michal Steinemann<\/p>\r\n<p>&nbsp;<\/p>\r\n<p>\r\n\r\n<\/p>\r\n<p class=\"has-text-align-center\" style=\"text-align: left;\"><a href=\"https:\/\/wp.sonohr.ch\/sonohr-preistraeger\/\">Vue d&rsquo;ensemble des laur\u00e9at\u2022e\u2022s pr\u00e9c\u00e9dent\u2022e\u2022s du festival SONOHR<\/a><\/p>\r\n<p class=\"has-text-align-center\">\r\n\r\n<\/p>\r\n<p>&nbsp;<\/p>\r\n<p class=\"has-text-align-center\">\r\n\r\n<\/p>\r\n<p>&nbsp;<\/p>\r\n<p class=\"has-text-align-center\">\r\n\r\n<\/p>\r\n<p>&nbsp;<\/p>\r\n<p class=\"has-text-align-center\"><\/p>","protected":false},"excerpt":{"rendered":"<p>Concours national Appel \u00e0 participation 2026 Pour le concours national de sa 16\u00e8me \u00e9dition, qui aura lieu du 27 f\u00e9vrier au 1 mars 2026 \u00e0 Berne, le festival SONOHR recherche: Productions souhait\u00e9es La comp\u00e9tition est ouverte aux cr\u00e9ations sonores et podcasts de fiction, documentaires, artistiques ou mixtes; des pi\u00e8ces sonores o\u00f9 le contenu, la r\u00e9alisation&nbsp;<a class=\"readmore\" href=\"https:\/\/wp.sonohr.ch\/fr\/wettbewerb\/\">\u2192MEHR<\/p>\n","protected":false},"author":2,"featured_media":0,"parent":0,"menu_order":29,"comment_status":"closed","ping_status":"closed","template":"","meta":{"_acf_changed":false,"footnotes":""},"class_list":["post-49","page","type-page","status-publish","hentry"],"acf":[],"_links":{"self":[{"href":"https:\/\/wp.sonohr.ch\/fr\/wp-json\/wp\/v2\/pages\/49","targetHints":{"allow":["GET"]}}],"collection":[{"href":"https:\/\/wp.sonohr.ch\/fr\/wp-json\/wp\/v2\/pages"}],"about":[{"href":"https:\/\/wp.sonohr.ch\/fr\/wp-json\/wp\/v2\/types\/page"}],"author":[{"embeddable":true,"href":"https:\/\/wp.sonohr.ch\/fr\/wp-json\/wp\/v2\/users\/2"}],"replies":[{"embeddable":true,"href":"https:\/\/wp.sonohr.ch\/fr\/wp-json\/wp\/v2\/comments?post=49"}],"version-history":[{"count":334,"href":"https:\/\/wp.sonohr.ch\/fr\/wp-json\/wp\/v2\/pages\/49\/revisions"}],"predecessor-version":[{"id":7982,"href":"https:\/\/wp.sonohr.ch\/fr\/wp-json\/wp\/v2\/pages\/49\/revisions\/7982"}],"wp:attachment":[{"href":"https:\/\/wp.sonohr.ch\/fr\/wp-json\/wp\/v2\/media?parent=49"}],"curies":[{"name":"wp","href":"https:\/\/api.w.org\/{rel}","templated":true}]}}