{"id":266,"date":"2020-01-18T23:24:07","date_gmt":"2020-01-18T22:24:07","guid":{"rendered":"http:\/\/localhost\/?page_id=266"},"modified":"2025-07-25T09:45:26","modified_gmt":"2025-07-25T08:45:26","slug":"medien","status":"publish","type":"page","link":"https:\/\/wp.sonohr.ch\/fr\/festival\/medien\/","title":{"rendered":"M\u00e9dias"},"content":{"rendered":"<h1>M\u00e9dias<\/h1>\n<h2 class=\"so-h3\"><strong>Contact m\u00e9dias<\/strong><\/h2>\n<p style=\"text-align: left;\">Ursina Ingold, +41 (0)31 544 33 50, <a href=\"mailto:ursina.ingold@sonohr.ch\" data-slimstat=\"5\">ursina.ingold@sonohr.ch<\/a><\/p>\n<h2 class=\"so-h3\"><strong>Communiqu\u00e9s de presse<\/strong><\/h2>\n<p><strong>15e festival SONOHR Radio &#038; Podcast 2025<\/strong><\/p>\n<p><a href=\"https:\/\/wp.sonohr.ch\/wp-content\/uploads\/MM_01.2025_f.pdf\">Communiqu\u00e9 de presse, 14.01.2025 \u2013 Programme<\/a><br \/>\n<a href=\"https:\/\/wp.sonohr.ch\/wp-content\/uploads\/MM_12.2024_f.pdf\">Communiqu\u00e9 de presse, 17.12.2024 \u2013 Nominations<\/a><br \/>\n<a href=\"https:\/\/wp.sonohr.ch\/wp-content\/uploads\/Wettbewerbsuebersicht_16122025.pdf\">Aper\u00e7u nominations 2025<\/a><br \/>\n<a href=\"https:\/\/drive.google.com\/drive\/folders\/14pFHQJVGNIZm8Nk15ZgsX6yqicGl6EUP?usp=drive_link\" target=\"_blank\" rel=\"noopener\">Dossier de presse SONOHR 2025<\/a><\/p>\n<p><strong>14. festival SONOHR Radio &#038; Podcast 2024<\/strong><\/p>\n<p><a href=\"https:\/\/wp.sonohr.ch\/wp-content\/uploads\/MM_01.2024_f.pdf\" target=\"_blank\" rel=\"noopener\">Communiqu\u00e9 de presse, 19.1.2023 \u2013 Programme<\/a><br \/>\n<a href=\"https:\/\/wp.sonohr.ch\/wp-content\/uploads\/MM_12.2023_f.pdf\" target=\"_blank\" rel=\"noopener\">Communiqu\u00e9 de presse, 14.12.2023 \u2013 Nominations<\/a><br \/>\n<a href=\"https:\/\/wp.sonohr.ch\/wp-content\/uploads\/1_Wettbewerbsuebersicht_2024.pdf\" target=\"_blank\" rel=\"noopener\">Aper\u00e7u nominations 2024<\/a><br \/>\n<a href=\"https:\/\/drive.google.com\/drive\/folders\/15j9J9C8KqB7rqjrJLnxfE5Ch01b1V5qQ\" target=\"_blank\" rel=\"noopener\">Dossier de presse SONOHR 2024<\/a><\/p>\n<p><strong>13. SONOHR Radio &#038; Podcast Festival 2023<\/strong><br \/>\n<a href=\"https:\/\/drive.google.com\/open?id=15ObpZ9t36735ahO-1ZhLYIqQPOHUDhxF&#038;authuser=info%40sonohr.ch&#038;usp=drive_fs\" target=\"_blank\" rel=\"noopener\">Medienmitteilung 17.1.2023 \u2013 Programm<\/a><br \/>\n<a href=\"https:\/\/drive.google.com\/file\/d\/1kumPylzkfPZ4zWQ_UXcrwBpqzJwQ8wS6\/view?usp=share_link\" target=\"_blank\" rel=\"noopener\">Medienmitteilung 15.12.2022 &#8211; Nominationen<\/a><br \/>\n<a href=\"https:\/\/drive.google.com\/file\/d\/1kSAFhDDMXTULrpNIgl8ebYe8cpdCdfsV\/view?usp=share_link\" target=\"_blank\" rel=\"noopener\">Liste der Nominationen 2023<\/a><br \/>\n<a href=\"https:\/\/drive.google.com\/open?id=1VEe7O10Vbulg6-bR2O-aUuMsCs_K-nfO&#038;authuser=info%40sonohr.ch&#038;usp=drive_fs\" target=\"_blank\" rel=\"noopener\">Medienmappe SONOHR 2023<\/a><\/p>\n<p><strong>12<\/strong><strong>. SONOHR Radio &#038; Podcast Festival 2022<br \/>\n<\/strong><a href=\"https:\/\/wp.sonohr.ch\/wp-content\/uploads\/2022_SONOHR_Medienmitteilung_Programm_Januar.pdf\" target=\"_blank\" rel=\"noopener\">Medienmitteilung 20.1.2022 &#8211; Programm<\/a><br \/>\n<a href=\"https:\/\/wp.sonohr.ch\/wp-content\/uploads\/1_Medienmitteilung_NOMINATIONEN_SONOHR.pdf\" target=\"_blank\" rel=\"noopener\">Medienmitteilung 13.12.2021 &#8211; Nominationen<\/a><br \/>\n<a href=\"https:\/\/wp.sonohr.ch\/wp-content\/uploads\/Nominations-national-competition-2022-Overview.pdf\" target=\"_blank\" rel=\"noopener\">Liste der Nominationen 2022<\/a><br \/>\n<a href=\"https:\/\/drive.google.com\/drive\/folders\/1e01M66GOKSQuVp5eApOdmFnI11Ey0QSb?usp=sharing\" target=\"_blank\" rel=\"noopener\">Medienmappe SONOHR 2022<\/a><\/p>\n<p><strong>11<\/strong><strong>. SONOHR Radio &#038; Podcast Festival 2021<br \/>\n<\/strong><a href=\"https:\/\/wp.sonohr.ch\/wp-content\/uploads\/SONOHR_Programmheft_2021.pdf\">Programmzeitung SONOHR 2021<\/a><br \/>\n<a href=\"https:\/\/drive.google.com\/drive\/folders\/1I_ilTigAudMF5lYd-jJPZhEWMai2u89y\" target=\"_blank\" rel=\"noopener\">Medienmappe 2021<\/a> mit Pressebildern und Trailern<br \/>\n<a href=\"https:\/\/drive.google.com\/file\/d\/1quDYTvC29MLji7SzxUEWr6eZURI97PeL\/view?usp=sharing\">Medienmitteilung 28.2.2021 &#8211; Preisverleihung<\/a><br \/>\n<a href=\"https:\/\/wp.sonohr.ch\/wp-content\/uploads\/SONOHR21_Medienmitteilung_16.2.2021_DE.pdf\" target=\"_blank\" rel=\"noopener\">Medienmitteilung 16.2.2021 &#8211; SONOHR: analog, digital, \u00fcberall<\/a><br \/>\n<a href=\"https:\/\/wp.sonohr.ch\/wp-content\/uploads\/SONOHR2021_Medienmitteilung_8.2.2021_DE.pdf\" target=\"_blank\" rel=\"noopener\">Medienmitteilung 8.2.2021 &#8211; Das Festival an der Tankstelle<\/a><br \/>\n<a href=\"https:\/\/wp.sonohr.ch\/wp-content\/uploads\/SONOHR2021_Medienmitteilung_Dezember_DE.pdf\" target=\"_blank\" rel=\"noopener\">Medienmitteilung 15.12.2020 &#8211; Wettbewerb \u00abon air\u00bb<\/a><br \/>\n<a href=\"https:\/\/wp.sonohr.ch\/wp-content\/uploads\/2021_WETTBEWERB-COMPETITION-1.pdf\" target=\"_blank\" rel=\"noopener\">Nominierte H\u00f6rst\u00fccke 2021<\/a><\/p>\n<p><strong>1<\/strong><strong>0. SONOHR Radio &#038; Podcast Festival 2020<br \/>\n<\/strong><a href=\"https:\/\/wp.sonohr.ch\/wp-content\/uploads\/2020\/02\/2020_Medienmitteilung_Abschluss_SONOHR.pdf\" target=\"_blank\" rel=\"noopener noreferrer\">10 Jahre und sicher nicht leise: Das war das SONOHR Radio &#038; Podcast Festival<\/a><br \/>\n<a href=\"https:\/\/drive.google.com\/open?id=1vjKkPR6HcIyFqQZfyszLO51TRjLDiq-3\" target=\"_blank\" rel=\"noopener noreferrer\">Bilder 10. SONOHR Radio &#038; Podcast Festival<\/a><br \/>\n<a href=\"https:\/\/wp.sonohr.ch\/wp-content\/uploads\/2020\/02\/SON-Programmzeitung-200106_P_05-LOW.pdf\">Programmzeitung SONOHR 2020<\/a><br \/>\n<a href=\"https:\/\/wp.sonohr.ch\/wp-content\/uploads\/2020\/01\/2020_Medienmitteilung_Programm.pdf\" target=\"_blank\" rel=\"noopener noreferrer\">Medienmitteilung Programm 2020<\/a><br \/>\n<a href=\"https:\/\/mailchi.mp\/31a1461b2cdf\/en-masse-sonohr-radio-podcast-festival-2020\" target=\"_blank\" rel=\"noopener noreferrer\">Information presse en fran\u00e7ais<\/a><br \/>\n<a href=\"https:\/\/drive.google.com\/drive\/u\/0\/folders\/162Q2_L3MFswWbIYAsrtk_zLO2YgzNDpk\" target=\"_blank\" rel=\"noopener noreferrer\">Medienmappe 2020<\/a> mit Pressebildern und Trailern<br \/>\n<a href=\"https:\/\/wp.sonohr.ch\/wp-content\/uploads\/2020_Medienmitteilung_Ank%C3%BCndigung_sonOhr_Festival.pdf\" target=\"_blank\" rel=\"noopener noreferrer\" data-slimstat=\"3\">MM<\/a> Vorank\u00fcndigung Festival 2020 &#8211; <a href=\"https:\/\/wp.sonohr.ch\/wp-content\/uploads\/2020_Wettbewerb_sonOhr_%C3%9Cbersicht.pdf\" target=\"_blank\" rel=\"noopener noreferrer\" data-slimstat=\"3\">Liste<\/a> der nominierten H\u00f6rst\u00fccke<\/p>\n<p style=\"text-align: left;\"><strong>9. sonOhr Radio &#038; Podcast Festival 2019<\/strong><br \/>\n<a href=\"https:\/\/wp.sonohr.ch\/wp-content\/uploads\/2019\/01\/SON_008_2019_Zeitung_web.pdf\" target=\"blank\" rel=\"noopener noreferrer\" data-slimstat=\"3\">Programmheft 2019<\/a><br \/>\n<a href=\"https:\/\/wp.sonohr.ch\/wp-content\/uploads\/Medienmitteilung_sonOhr_Gewinner.pdf\" target=\"blank\" rel=\"noopener noreferrer\" data-slimstat=\"3\">MM<\/a>\u00a0Abschluss Festival<br \/>\n<a href=\"https:\/\/drive.google.com\/drive\/u\/1\/folders\/1SRLkvdOfMh77FnaBcjasBJoBYw9pSmcr\" data-slimstat=\"5\">Medienmappe 2019<\/a><br \/>\n<a href=\"https:\/\/wp.sonohr.ch\/wp-content\/uploads\/2019\/02\/2019_02_sonOhr_flashstory_Nominationen_2019.pdf\" data-slimstat=\"3\">Liste<\/a>\u00a0der nominierten St\u00fccke des flashstory-Wettbewerbs<br \/>\n<a href=\"https:\/\/wp.sonohr.ch\/wp-content\/uploads\/2019\/02\/MM_sonOhr_2019.pdf\" data-slimstat=\"3\">MM<\/a>\u00a0Festivalprogramm<br \/>\n<a href=\"https:\/\/wp.sonohr.ch\/wp-content\/uploads\/2018\/12\/MM_sonOhr-Festival-2019_Vorank%C3%BCndigung.pdf\" target=\"blank\" rel=\"noopener noreferrer\" data-slimstat=\"3\">MM<\/a>\u00a0Vorank\u00fcndigung Festival 2019 &#8211;\u00a0<a href=\"http:\/\/localhost\/wp-content\/uploads\/2018\/12\/sonOhr_Wettbewerbe_Nominationen_2019.pdf\" target=\"blank\" rel=\"noopener noreferrer\" data-slimstat=\"3\">Liste<\/a>\u00a0der nominierten H\u00f6rst\u00fccke<br \/>\n<a href=\"https:\/\/wp.sonohr.ch\/wp-content\/uploads\/2018\/12\/sonOhr_nationaler_Wettbewerb_Ausschreibung_2019.pdf\" target=\"blank\" rel=\"noopener noreferrer\" data-slimstat=\"3\">Flyer<\/a>\u00a0sonOhr Wettbewerb \/ concours \/ concorso<br \/>\n<a href=\"https:\/\/wp.sonohr.ch\/wp-content\/uploads\/2018\/12\/SON_008_Ausschreibung_2019_FLASH_PROD_korr.pdf\" target=\"blank\" rel=\"noopener noreferrer\" data-slimstat=\"3\">Flyer<\/a>\u00a0flashstory Wettbewerb f\u00fcr Kurzh\u00f6rst\u00fccke\/ concours pour \u0153uvres courts \/ concorso per opere brevi<\/p>\n<p style=\"text-align: left;\"><strong>8. sonOhr Radio &#038; Podcast Festival 2018<\/strong><br \/>\n<a href=\"https:\/\/wp.sonohr.ch\/wp-content\/uploads\/2018\/01\/2018_sonOhr_Programmheft.pdf\" target=\"blank\" rel=\"noopener noreferrer\" data-slimstat=\"3\">Programmheft 2018<\/a><br \/>\n<a href=\"https:\/\/wp.sonohr.ch\/wp-content\/uploads\/2018\/02\/MM_sonOhr_AbschlussFestival2018.pdf\" target=\"blank\" rel=\"noopener noreferrer\" data-slimstat=\"3\">MM<\/a>\u00a0Abschluss Festival<br \/>\n<a href=\"https:\/\/drive.google.com\/open?id=1DmxXoq4cx5khZJNP93gHcrjuGMX5oc7X\" target=\"_blank\" rel=\"noopener noreferrer\" data-slimstat=\"5\">Medienmappe 2018<\/a>\u00a0&#8211;\u00a0<a href=\"https:\/\/drive.google.com\/drive\/folders\/1SCrPN1tBx1vM8XslnGb5f9GdBucYhD8u?usp=sharing\" target=\"_blank\" rel=\"noopener noreferrer\" data-slimstat=\"5\">Fotos<\/a>\u00a0Abschluss<br \/>\n<a href=\"https:\/\/wp.sonohr.ch\/wp-content\/uploads\/2018\/01\/MM_sonOhr_ProgrammFestival2018.pdf\" target=\"_blank\" rel=\"noopener noreferrer\" data-slimstat=\"3\">MM<\/a>\u00a0Festivalprogramm<br \/>\n<a href=\"http:\/\/localhost\/wp-content\/uploads\/2017\/12\/MM_sonOhr-Festival-2018_Vorank%C3%BCndigung.pdf\" target=\"blank\" rel=\"noopener noreferrer\" data-slimstat=\"3\">MM<\/a>\u00a0Vorank\u00fcndigung Festival 2018 &#8211;\u00a0<a href=\"https:\/\/wp.sonohr.ch\/wp-content\/uploads\/2018\/02\/2018_02_sonOhr-Wettbewerbe_Nominationen.pdf\" target=\"blank\" rel=\"noopener noreferrer\" data-slimstat=\"3\">Liste<\/a>\u00a0der nominierten H\u00f6rst\u00fccke<br \/>\n<a href=\"https:\/\/wp.sonohr.ch\/wp-content\/uploads\/2018\/02\/2018_02_sonOhr-Wettbewerbe_Nominationen.pdf\" target=\"blank\" rel=\"noopener noreferrer\" data-slimstat=\"3\">Flyer<\/a>\u00a0sonOhr Wettbewerb \/ concours \/ concorso<\/p>\n<p style=\"text-align: left;\"><strong>7. sonOhr Festival 2017<\/strong><br \/>\n<a href=\"https:\/\/wp.sonohr.ch\/wp-content\/uploads\/2014\/11\/sonOhr_Programmheft_2017.pdf\" target=\"blank\" rel=\"noopener noreferrer\" data-slimstat=\"3\">Programmheft 2017<\/a><br \/>\n<a href=\"http:\/\/localhost\/wp-content\/uploads\/2014\/10\/MM_sonOhr-17_Abschluss.pdf\" data-slimstat=\"3\">MM<\/a>\u00a0Abschluss Festival<br \/>\n<a href=\"http:\/\/localhost\/wp-content\/uploads\/2014\/10\/MM-Internationale-Gaeste-am-7.sonohr.pdf\" target=\"_blank\" rel=\"noopener noreferrer\" data-slimstat=\"3\">MM<\/a>\u00a0Festivalprogramm<br \/>\n<a href=\"https:\/\/wp.sonohr.ch\/wp-content\/uploads\/2016\/12\/MM_sonOhr-Festival-2017_Vorank%C3%BCndigung.pdf\" target=\"blank\" rel=\"noopener noreferrer\" data-slimstat=\"3\">MM<\/a>\u00a0Vorank\u00fcndigung Wettbewerb &#8211;\u00a0<a href=\"https:\/\/wp.sonohr.ch\/wp-content\/uploads\/2016\/12\/MM_sonOhr-Wettbewerbe_Nominationen_2017.pdf\" target=\"blank\" rel=\"noopener noreferrer\" data-slimstat=\"3\">Liste<\/a>\u00a0der nominierten H\u00f6rst\u00fccke<br \/>\n<a href=\"https:\/\/wp.sonohr.ch\/wp-content\/uploads\/2016\/08\/Flyer_Wettbewerb17.pdf\" target=\"blank\" rel=\"noopener noreferrer\" data-slimstat=\"3\">Flyer<\/a>\u00a0sonOhr Wettbewerb \/ concours \/ concorso<br \/>\n<a href=\"https:\/\/wp.sonohr.ch\/wp-content\/uploads\/2016\/08\/Flyer_flashstory17.pdf\" target=\"blank\" rel=\"noopener noreferrer\" data-slimstat=\"3\">Flyer<\/a>\u00a0flashstory Wettbewerb f\u00fcr Kurzh\u00f6rst\u00fccke\/ concours pour \u0153uvres courts \/ concorso per opere brevi<\/p>\n<p style=\"text-align: left;\"><strong>6. sonOhr Festival 2016<\/strong><br \/>\n<a href=\"https:\/\/wp.sonohr.ch\/wp-content\/uploads\/2016\/08\/Programmheft16.pdf\" target=\"blank\" rel=\"noopener noreferrer\" data-slimstat=\"3\">Programmheft 2016<\/a><br \/>\n<a href=\"http:\/\/localhost\/wp-content\/uploads\/2016\/08\/Abschluss-6.-sonOhr.pdf\" target=\"blank\" rel=\"noopener noreferrer\" data-slimstat=\"3\">MM<\/a>\u00a0Abschluss Festival<br \/>\n<a href=\"https:\/\/wp.sonohr.ch\/wp-content\/uploads\/2016\/08\/Medienmitteilung16.pdf\" target=\"blank\" rel=\"noopener noreferrer\" data-slimstat=\"3\">MM<\/a>\u00a0Festivalprogramm \/\/\u00a0<a href=\"https:\/\/wp.sonohr.ch\/wp-content\/uploads\/2016\/08\/Comunicato16_I.pdf\" target=\"blank\" rel=\"noopener noreferrer\" data-slimstat=\"3\">comunicato<\/a>\u00a0programma di festival \/\/\u00a0<a href=\"https:\/\/wp.sonohr.ch\/wp-content\/uploads\/2016\/08\/Communique16_F.pdf\" target=\"blank\" rel=\"noopener noreferrer\" data-slimstat=\"3\">communiqu\u00e9<\/a>\u00a0programme de festival<\/p>\n","protected":false},"excerpt":{"rendered":"<p>M\u00e9dias Contact m\u00e9dias Ursina Ingold, +41 (0)31 544 33 50, ursina.ingold@sonohr.ch Communiqu\u00e9s de presse 15e festival SONOHR Radio &#038; Podcast 2025 Communiqu\u00e9 de presse, 14.01.2025 \u2013 Programme Communiqu\u00e9 de presse, 17.12.2024 \u2013 Nominations Aper\u00e7u nominations 2025 Dossier de presse SONOHR 2025 14. festival SONOHR Radio &#038; Podcast 2024 Communiqu\u00e9 de presse, 19.1.2023 \u2013 Programme Communiqu\u00e9&nbsp;<a class=\"readmore\" href=\"https:\/\/wp.sonohr.ch\/fr\/festival\/medien\/\">\u2192MEHR<\/p>\n","protected":false},"author":7,"featured_media":0,"parent":259,"menu_order":35,"comment_status":"closed","ping_status":"closed","template":"","meta":{"_acf_changed":false,"footnotes":""},"class_list":["post-266","page","type-page","status-publish","hentry"],"acf":[],"_links":{"self":[{"href":"https:\/\/wp.sonohr.ch\/fr\/wp-json\/wp\/v2\/pages\/266","targetHints":{"allow":["GET"]}}],"collection":[{"href":"https:\/\/wp.sonohr.ch\/fr\/wp-json\/wp\/v2\/pages"}],"about":[{"href":"https:\/\/wp.sonohr.ch\/fr\/wp-json\/wp\/v2\/types\/page"}],"author":[{"embeddable":true,"href":"https:\/\/wp.sonohr.ch\/fr\/wp-json\/wp\/v2\/users\/7"}],"replies":[{"embeddable":true,"href":"https:\/\/wp.sonohr.ch\/fr\/wp-json\/wp\/v2\/comments?post=266"}],"version-history":[{"count":104,"href":"https:\/\/wp.sonohr.ch\/fr\/wp-json\/wp\/v2\/pages\/266\/revisions"}],"predecessor-version":[{"id":7960,"href":"https:\/\/wp.sonohr.ch\/fr\/wp-json\/wp\/v2\/pages\/266\/revisions\/7960"}],"up":[{"embeddable":true,"href":"https:\/\/wp.sonohr.ch\/fr\/wp-json\/wp\/v2\/pages\/259"}],"wp:attachment":[{"href":"https:\/\/wp.sonohr.ch\/fr\/wp-json\/wp\/v2\/media?parent=266"}],"curies":[{"name":"wp","href":"https:\/\/api.w.org\/{rel}","templated":true}]}}