{"id":259,"date":"2020-01-18T23:17:53","date_gmt":"2020-01-18T22:17:53","guid":{"rendered":"http:\/\/localhost\/?page_id=259"},"modified":"2026-02-19T15:46:10","modified_gmt":"2026-02-19T14:46:10","slug":"festival","status":"publish","type":"page","link":"https:\/\/wp.sonohr.ch\/fr\/festival\/","title":{"rendered":"Das Festival"},"content":{"rendered":"\n<h1 class=\"wp-block-heading\">Le festival<\/h1>\n\n\n\n<p>SONOHR est une plateforme suisse d\u00e9di\u00e9e aux pi\u00e8ces d\u2019art sonore et radiophoniques contemporaines. Avec notre festival, nous proposons une vitrine aux meilleures productions suisses dans le domaine en plein essor des pi\u00e8ces sonores. Et nous offrons au public un aper\u00e7u des tendances actuelles et des nouvelles formes de cr\u00e9ation sonore internationale. Notre objectif est de promouvoir la production de pi\u00e8ces radiophoniques et de podcasts, de les rendre accessibles \u00e0 un large public et de faciliter un \u00e9change actif, aussi bien entre les auteurs eux-m\u00eames qu\u2019entre les auteurs et le public.<\/p>\n\n\n\n<p>La vue d\u2019ensemble des \u00e9ditions du festival SONOHR pr\u00e9c\u00e9dentes se trouve&nbsp;<a href=\"https:\/\/www.sonohr.ch\/sonohr-programm-archiv\/\">ici<\/a>&nbsp;(en allemand).<\/p>\n\n\n\n<div class=\"wp-block-columns is-layout-flex wp-container-core-columns-is-layout-9d6595d7 wp-block-columns-is-layout-flex\">\n<div class=\"wp-block-column is-layout-flow wp-block-column-is-layout-flow\">\u00a0<\/div>\n\n\n\n<div class=\"wp-block-column is-layout-flow wp-block-column-is-layout-flow\">\u00a0<\/div>\n<\/div>\n\n\n\n<figure class=\"wp-block-image size-large\"><img loading=\"lazy\" decoding=\"async\" width=\"1200\" height=\"933\" src=\"https:\/\/wp.sonohr.ch\/wp-content\/uploads\/2402_Sonohr794_web-1200x933.jpg\" alt=\"\" class=\"wp-image-6946\" srcset=\"https:\/\/wp.sonohr.ch\/wp-content\/uploads\/2402_Sonohr794_web-1200x933.jpg 1200w, https:\/\/wp.sonohr.ch\/wp-content\/uploads\/2402_Sonohr794_web-768x597.jpg 768w, https:\/\/wp.sonohr.ch\/wp-content\/uploads\/2402_Sonohr794_web-1536x1194.jpg 1536w, https:\/\/wp.sonohr.ch\/wp-content\/uploads\/2402_Sonohr794_web-2048x1592.jpg 2048w\" sizes=\"auto, (max-width: 1200px) 100vw, 1200px\" \/><figcaption class=\"wp-element-caption\"><em>\u00c9quipe 2025 \u00a9Annette Boutellier \u2013 de g. \u00e0 d.&nbsp;Martin Zurbriggen, Lola Rosarot, Tobias Lambrecht, Christian M\u00fcller, Sarah Wyss, <em><em><em>Cheyenne Mackay, Laura Serra. Il manque: Carmen Beyer, Regula B\u00fchler.<\/em><\/em><\/em><\/em><\/figcaption><\/figure>\n\n\n\n<p>&nbsp;<\/p>\n\n\n\n<h2 class=\"wp-block-heading\" id=\"team\">Contact<\/h2>\n\n\n\n<div class=\"wp-block-columns eng is-layout-flex wp-container-core-columns-is-layout-9d6595d7 wp-block-columns-is-layout-flex\">\n<div class=\"wp-block-column is-layout-flow wp-block-column-is-layout-flow\">\n<p class=\"has-text-align-left\"><em>Adresse postale<\/em><\/p>\n\n\n\n<p>Verein SonOhr H\u00f6rfestival<br>Gerechtigkeitsgasse 80<br>3011 Bern<br><\/p>\n<\/div>\n\n\n\n<div class=\"wp-block-column is-layout-flow wp-block-column-is-layout-flow\">\n<p class=\"has-text-align-left\"><em>Bureau<\/em><\/p>\n\n\n\n<p>Tel: +41 31 544 33 50<br><a href=\"mailto:info@sonohr.ch\" data-type=\"mailto\" data-id=\"mailto:info@sonohr.ch\">info@sonohr.ch<\/a><\/p>\n<\/div>\n\n\n\n<div class=\"wp-block-column is-layout-flow wp-block-column-is-layout-flow\">\n<p class=\"has-text-align-left\"><em>Contact presse<\/em><\/p>\n\n\n\n<p>Tel: +41 31 544 33 50<br><a href=\"mailto:ursina.ingold@sonohr.ch\" data-type=\"mailto\" data-id=\"mailto:info@sonohr.ch\"><span style=\"font-weight: 300;\"><a href=\"mailto:cheyenne.mackay@sonohr.ch\">cheyenne.mackay@sonohr.ch<\/a><\/span><\/a><\/p>\n\n\n\n<p><br><a href=\"https:\/\/sonohr.ch\/fr\/festival\/medien\/\" data-type=\"URL\">Communiqu\u00e9 de presse<\/a><\/p>\n<\/div>\n<\/div>\n\n\n\n<h2 class=\"wp-block-heading\" id=\"team\">\u00c9quipe<\/h2>\n\n\n\n<div class=\"wp-block-columns is-layout-flex wp-container-core-columns-is-layout-9d6595d7 wp-block-columns-is-layout-flex\">\n<div class=\"wp-block-column is-layout-flow wp-block-column-is-layout-flow\">\n<p class=\"has-text-align-left\"><em>Direction<\/em><\/p>\n\n\n\n<p>Ursina Ingold<br><a href=\"mailto:ursina.ingold@sonohr.ch\" target=\"_blank\" rel=\"noreferrer noopener\">ursina.ingold@sonohr.ch<\/a><\/p>\n<\/div>\n\n\n\n<div class=\"wp-block-column is-layout-flow wp-block-column-is-layout-flow\">\n<p><em><em>Direction du programme<\/em><\/em><\/p>\n\n\n\n<p>Christian M\u00fcller<br><a href=\"mailto:christian.mueller@sonohr.ch\">christian.mueller@sonohr.ch<\/a><\/p>\n<\/div>\n\n\n\n<div class=\"wp-block-column is-layout-flow wp-block-column-is-layout-flow\">\n<p><em><em>Collaboratrice de la direction<\/em><\/em><\/p>\n\n\n\n<p><span style=\"font-weight: 300;\">Cheyenne Mackay<br><a href=\"mailto:cheyenne.mackay@sonohr.ch\">cheyenne.mackay@sonohr.ch<\/a><\/span><\/p>\n\n\n\n<p>&nbsp;<\/p>\n<\/div>\n<\/div>\n\n\n\n<div class=\"wp-block-spacer\" style=\"height: 25px;\" aria-hidden=\"true\">\u00a0<\/div>\n\n\n\n<div class=\"wp-block-columns is-layout-flex wp-container-core-columns-is-layout-9d6595d7 wp-block-columns-is-layout-flex\">\n<div class=\"wp-block-column is-layout-flow wp-block-column-is-layout-flow\">\n<p class=\"has-text-align-left\"><em><em><em>L&rsquo;\u00e9quipe SONOHR<\/em><\/em><\/em><\/p>\n\n\n\n<p><span style=\"font-weight: 300;\">Regula B\u00fchler, Sarah Heinzmann, Laura Higson, Tobias Lambrecht<\/span><\/p>\n<\/div>\n\n\n\n<div class=\"wp-block-column is-layout-flow wp-block-column-is-layout-flow\">\n<p class=\"has-text-align-left\"><\/p>\n\n\n\n<p><\/p>\n<\/div>\n\n\n\n<div class=\"wp-block-column is-layout-flow wp-block-column-is-layout-flow\">\n<p class=\"has-text-align-left\"><em>SONOHR on Air<\/em><\/p>\n\n\n\n<p class=\"has-text-align-left\">Laura Serra<\/p>\n<\/div>\n<\/div>\n\n\n\n<div class=\"wp-block-spacer\" style=\"height: 25px;\" aria-hidden=\"true\">\u00a0<\/div>\n\n\n\n<div class=\"wp-block-columns is-layout-flex wp-container-core-columns-is-layout-9d6595d7 wp-block-columns-is-layout-flex\">\n<div class=\"wp-block-column is-layout-flow wp-block-column-is-layout-flow\">\n<p class=\"has-text-align-left\">&nbsp;<em>Contact direct<\/em><\/p>\n\n\n\n<p class=\"has-text-align-left\">pr\u00e9nom.nom\u2013at\u2013sonohr.ch<\/p>\n<\/div>\n\n\n\n<div class=\"wp-block-column is-layout-flow wp-block-column-is-layout-flow\">\n<p class=\"has-text-align-left\">&nbsp;<\/p>\n<\/div>\n\n\n\n<div class=\"wp-block-column is-layout-flow wp-block-column-is-layout-flow\">\n<p><\/p>\n<\/div>\n<\/div>\n\n\n\n<div class=\"wp-block-spacer\" style=\"height: 25px;\" aria-hidden=\"true\">\u00a0<\/div>\n\n\n<div id=\"main\" class=\"site-main\" style=\"text-align: center;\">\n<div id=\"main-content\" class=\"main-content\">\n<div id=\"primary\" class=\"content-area\">\n<div id=\"content\" class=\"site-content\" role=\"main\">\n<article id=\"post-708\" class=\"post-708 page type-page status-publish hentry\">\n<div class=\"entry-content\">\n<div class=\"fl-builder-content fl-builder-content-708 fl-builder-content-primary\" data-post-id=\"708\">\n<div class=\"fl-row fl-row-fixed-width fl-row-bg-none fl-node-5c30c02fb5ff3\" data-node=\"5c30c02fb5ff3\">\n<div class=\"fl-row-content-wrap\">\n<div class=\"fl-row-content fl-row-fixed-width fl-node-content\">\n<div class=\"fl-col-group fl-node-5c30c02fb709d\" data-node=\"5c30c02fb709d\">\n<div class=\"fl-col fl-node-5c30c02fb717e\" data-node=\"5c30c02fb717e\">\n<div class=\"fl-col-content fl-node-content\">\n<div class=\"fl-module fl-module-rich-text fl-node-5c30c02fb8eca\" data-node=\"5c30c02fb8eca\">\n<div class=\"fl-module-content fl-node-content\">\n<div class=\"fl-rich-text\">\n<h2 style=\"text-align: center;\">en collaboration avec<\/h2>\n<\/div>\n<\/div>\n<\/div>\n<\/div>\n<\/div>\n<\/div>\n<\/div>\n<\/div>\n<\/div>\n<\/div>\n<\/div>\n<\/article>\n<\/div>\n<\/div>\n<\/div>\n<\/div>\n\n\n<div class=\"wp-block-columns is-layout-flex wp-container-core-columns-is-layout-9d6595d7 wp-block-columns-is-layout-flex\">\n<div class=\"wp-block-column is-layout-flow wp-block-column-is-layout-flow\">\n<p class=\"has-text-align-left\"><em>Son<\/em><\/p>\n\n\n\n<p>Martin Zurbriggen<\/p>\n<\/div>\n\n\n\n<div class=\"wp-block-column is-layout-flow wp-block-column-is-layout-flow\">\n<p><em>Lumi\u00e8re<\/em><\/p>\n\n\n\n<p>Lola Rosarot<\/p>\n<\/div>\n\n\n\n<div class=\"wp-block-column is-layout-flow wp-block-column-is-layout-flow\">\n<p><em>Coupes<\/em><\/p>\n\n\n\n<p>Matthias Schmid<\/p>\n\n\n\n<p><a href=\"http:\/\/www.zufallsforschung.ch\/\" target=\"_blank\" rel=\"noreferrer noopener\">Atelier f\u00fcr Zufallsforschung<\/a><\/p>\n<\/div>\n<\/div>\n\n\n\n<div class=\"wp-block-columns is-layout-flex wp-container-core-columns-is-layout-9d6595d7 wp-block-columns-is-layout-flex\">\n<div class=\"wp-block-column is-layout-flow wp-block-column-is-layout-flow\">\n<p><em><br>Graphique, site web<\/em><\/p>\n\n\n\n<p><a href=\"https:\/\/affoltersavolainen.ch\" target=\"_blank\" rel=\"noreferrer noopener\">affoltersavolainen.ch <\/a><\/p>\n<\/div>\n\n\n\n<div class=\"wp-block-column is-layout-flow wp-block-column-is-layout-flow\">\u00a0<\/div>\n\n\n\n<div class=\"wp-block-column is-layout-flow wp-block-column-is-layout-flow\">\u00a0<\/div>\n<\/div>\n","protected":false},"excerpt":{"rendered":"<p>Le festival SONOHR est une plateforme suisse d\u00e9di\u00e9e aux pi\u00e8ces d\u2019art sonore et radiophoniques contemporaines. Avec notre festival, nous proposons une vitrine aux meilleures productions suisses dans le domaine en plein essor des pi\u00e8ces sonores. Et nous offrons au public un aper\u00e7u des tendances actuelles et des nouvelles formes de cr\u00e9ation sonore internationale. Notre objectif&nbsp;<a class=\"readmore\" href=\"https:\/\/wp.sonohr.ch\/fr\/festival\/\">\u2192MEHR<\/p>\n","protected":false},"author":7,"featured_media":0,"parent":0,"menu_order":34,"comment_status":"closed","ping_status":"closed","template":"","meta":{"_acf_changed":false,"footnotes":""},"class_list":["post-259","page","type-page","status-publish","hentry"],"acf":[],"_links":{"self":[{"href":"https:\/\/wp.sonohr.ch\/fr\/wp-json\/wp\/v2\/pages\/259","targetHints":{"allow":["GET"]}}],"collection":[{"href":"https:\/\/wp.sonohr.ch\/fr\/wp-json\/wp\/v2\/pages"}],"about":[{"href":"https:\/\/wp.sonohr.ch\/fr\/wp-json\/wp\/v2\/types\/page"}],"author":[{"embeddable":true,"href":"https:\/\/wp.sonohr.ch\/fr\/wp-json\/wp\/v2\/users\/7"}],"replies":[{"embeddable":true,"href":"https:\/\/wp.sonohr.ch\/fr\/wp-json\/wp\/v2\/comments?post=259"}],"version-history":[{"count":229,"href":"https:\/\/wp.sonohr.ch\/fr\/wp-json\/wp\/v2\/pages\/259\/revisions"}],"predecessor-version":[{"id":8215,"href":"https:\/\/wp.sonohr.ch\/fr\/wp-json\/wp\/v2\/pages\/259\/revisions\/8215"}],"wp:attachment":[{"href":"https:\/\/wp.sonohr.ch\/fr\/wp-json\/wp\/v2\/media?parent=259"}],"curies":[{"name":"wp","href":"https:\/\/api.w.org\/{rel}","templated":true}]}}