{"id":1701,"date":"2021-01-19T12:16:03","date_gmt":"2021-01-19T11:16:03","guid":{"rendered":"http:\/\/localhost\/?page_id=1701"},"modified":"2026-02-05T11:17:18","modified_gmt":"2026-02-05T10:17:18","slug":"radio","status":"publish","type":"page","link":"https:\/\/wp.sonohr.ch\/fr\/radio\/","title":{"rendered":"SONOHR On Air BACKUP"},"content":{"rendered":"<h1>SONOHR ON AIR<\/h1>\n<p>L\u2019\u00e9dition 2023 se d\u00e9roulera simultan\u00e9ment sur les ondes de neuf radios partenaires: de Chiasso \u00e0 Gen\u00e8ve en passant par Schaffhouse, nous invitons \u00e0 vivre le festival tout en d\u00e9couvrant de nouvelles stations de radio.<\/p>\n<h2>La Radio du Festival<\/h2>\n<p>Le festival a aussi une radio ! Plongez dans l\u2019atmosph\u00e8re du festival avec des reportages passionnants et des entretiens avec les podcasteur\u2022rice\u2022s, les visiteur\u2022euse\u2022s ou les organisateur\u2022ices.<\/p>\n<p>Vous pouvez \u00e9couter la radio du festival en streaming et sur les diff\u00e9rentes stations radio, du vendredi au dimanche, 24.-26.2.2023 \u00e0 17-20 heures.<\/p>\n<audio class=\"wp-audio-shortcode\" id=\"audio-1701-1\" preload=\"none\" style=\"width: 100%;\" controls=\"controls\"><source type=\"audio\/mpeg\" src=\"https:\/\/stream.tecprotech.net\/sonohrdistribution.mp3?_=1\" \/><a href=\"https:\/\/stream.tecprotech.net\/sonohrdistribution.mp3\">https:\/\/stream.tecprotech.net\/sonohrdistribution.mp3<\/a><\/audio>\n<h2 class=\"column\">Faire un tour de Suisse depuis chez soi ?<\/h2>\n<p>Les s\u00e9ances d\u2019\u00e9coute du concours national sont diffus\u00e9es en direct sur les stations radios participantes : d\u00e9couvrez leur programme en un clic sur le site web de SONOHR.<\/p>\n<hr \/>\n<h1 style=\"text-align: left;\"><strong>SAMEDI<\/strong>, 25.2.2023<\/h1>\n<h1 style=\"text-align: left;\">15:00\u201316:00<br \/><a href=\"http:\/\/sonohr.ch\/Programm\/wettbewerb2023_block-1\" target=\"_blank\" rel=\"noopener\">\u2192Bloc 1<\/a><\/h1>\n<p style=\"text-align: left;\">TITO von This Wachter und Simon Meyer<br \/>DAS DENKENDE HERZ \u2013 NACH DEN TAGEB\u00dcCHERN VON ETTY HILLESUM von Kara Leva<\/p>\n<h2 style=\"text-align: left;\">\u00c9couter sur: <strong><br \/><a href=\"https:\/\/radiox.ch\/\" target=\"_blank\" rel=\"noopener\">\u2192Radio X<\/a> <\/strong>\/\u00a0<a href=\"https:\/\/www.kanalk.ch\/\" target=\"_blank\" rel=\"noopener\">\u2192Kanal K<\/a> \/\u00a0<a href=\"https:\/\/www.rasa.ch\/\" target=\"_blank\" rel=\"noopener\">\u2192Rasa<\/a> \/\u00a0<a href=\"http:\/\/www.stadtfilter.ch\" target=\"_blank\" rel=\"noopener\">\u2192Stadtfilter<\/a> \/\u00a0<a href=\"http:\/\/www.3fach.ch\" target=\"_blank\" rel=\"noopener\">\u21923FACH<\/a><\/h2>\n<h2>\u00a0<\/h2>\n<h1 style=\"text-align: left;\">16:30\u201317:30<br \/><a href=\"https:\/\/wp.sonohr.ch\/Programm\/wettbewerb2023_block-2\/\" target=\"_blank\" rel=\"noopener\">\u2192Bloc 2<\/a><\/h1>\n<p>MON PAPA PIRATE de \u00c9milie Bender<br \/>VIANDE SENSIBLE de Rachel Maisonneuve<\/p>\n<h2 style=\"text-align: left;\">\u00c9couter sur:<br \/><a href=\"https:\/\/radiovostok.ch\/le-direct\/\" target=\"_blank\" rel=\"noopener\">\u2192Radio Vostok<\/a><\/h2>\n<h1>\u00a0<\/h1>\n<h1 style=\"text-align: left;\">18:00\u201319:00<br \/><a href=\"https:\/\/wp.sonohr.ch\/Programm\/wettbewerb2023_block-3\/\" target=\"_blank\" rel=\"noopener\">\u2192Bloc 3<\/a><\/h1>\n<p>MACERIE da Olmo Cerri<\/p>\n<h2 style=\"text-align: left;\">\u00c9couter sur:<br \/><a href=\"https:\/\/www.radiogwen.ch\/\" target=\"_blank\" rel=\"noopener\">\u2192Radio Gwendalyn<\/a><\/h2>\n<h1>\u00a0<\/h1>\n<h1 style=\"text-align: left;\">21:30\u201322:30<br \/><a href=\"https:\/\/wp.sonohr.ch\/Programm\/wettbewerb2023_block-4\/\" target=\"_blank\" rel=\"noopener\">\u2192Bloc 4<\/a><\/h1>\n<p>LISTENING IS ACTION: A SOUNDWALK WITH HILDEGARD WESTERKAMP by Luis Velasco-Pufleau<br \/>Z\u00dcRIWASSER von Maurizio Igor Meta<\/p>\n<h2 style=\"text-align: left;\">\u00c9couter sur:<br \/><a href=\"https:\/\/www.rasa.ch\/\" target=\"_blank\" rel=\"noopener\">\u2192Radio Rasa<\/a><\/h2>\n<hr \/>\n<h1 style=\"text-align: left;\">DIMANCHE, 26.02.2023<\/h1>\n<h1 style=\"text-align: left;\">14:00\u201315:00<br \/><a href=\"https:\/\/wp.sonohr.ch\/Programm\/wettbewerb2023_block-5\/\" target=\"_blank\" rel=\"noopener\">\u2192Bloc 5<\/a><\/h1>\n<p>HERZFREQUENZ von Franziska Engelhardt<br \/>LE DERNIER BATEAU de Marie Geiser<\/p>\n<h2 style=\"text-align: left;\">\u00c9couter sur:<br \/><a href=\"https:\/\/radiox.ch\/\" target=\"_blank\" rel=\"noopener\">\u2192Radio X<\/a> \/\u00a0<a href=\"https:\/\/www.rasa.ch\/\" target=\"_blank\" rel=\"noopener\">\u2192Rasa<\/a> \/ <a href=\"http:\/\/www.stadtfilter.ch\" target=\"_blank\" rel=\"noopener\">\u2192Stadtfilter<\/a> \/ <a href=\"https:\/\/rabe.ch\/\" target=\"_blank\" rel=\"noopener\">\u2192Rabe<\/a><\/h2>\n<h1>\u00a0<\/h1>\n<h1 style=\"text-align: left;\">16:00\u201317:00<br \/><a href=\"https:\/\/wp.sonohr.ch\/Programm\/wettbewerb2023_block-6\/\" target=\"_blank\" rel=\"noopener\">\u2192Bloc 6<\/a><\/h1>\n<p>MAAM KUMBA BANG, MYTHE OU L\u00c9GENDE ? de Jonathan Frigeri, Mbaye Diop &#038; Eric Desjeux<\/p>\n<h2 style=\"text-align: left;\">\u00c9couter sur:<br \/><a href=\"https:\/\/www.rasa.ch\/\" target=\"_blank\" rel=\"noopener\">\u2192Radio Rasa<\/a>\u00a0\/\u00a0<a href=\"https:\/\/rabe.ch\/\" target=\"_blank\" rel=\"noopener\">\u2192Rabe<\/a><\/h2>\n<h1>\u00a0<\/h1>\n<h1 style=\"text-align: left;\">17:30\u201318:30<br \/><a href=\"https:\/\/wp.sonohr.ch\/Programm\/wettbewerb2023_block-7\/\" target=\"_blank\" rel=\"noopener\">\u2192Bloc 7<\/a><\/h1>\n<p>LA GAYTH\u00c9 de Suzanne Forsell et Samy Dib<br \/>RADIO CANICULE, QUAND LES LESBIENNES CHAUFFAIENT LES ONDES DE RADIO PLEINE LUNE du Collectif Notre histoire compte<\/p>\n<h2 style=\"text-align: left;\">\u00c9couter sur:<br \/><a href=\"https:\/\/radiovostok.ch\/le-direct\/\" target=\"_blank\" rel=\"noopener\">\u2192Radio Vostok<\/a><\/h2>\n\n\n<p>Avec Sonohr On Air, nous voulons diffuser le festival sur les ondes dans toute la Suisse et au-del\u00e0. Pour ce faire, nous collaborons avec huit radios culturelles suisses des trois r\u00e9gions linguistiques :<\/p>\n\n\n\n<ul class=\"wp-block-list\"><li>Radio 3fach, Luzern<\/li><li>Radio Gwendalyn, Chiasso<\/li><li>Radio Kanal K, Aarau<\/li><li>Radio Rabe, Bern<\/li><li>Radio Rasa, Schaffhausen<\/li><li>Radio Stadtfilter, Winterthur<\/li><li>Radio Vostok, Genf<\/li><li>Radio X, Basel&nbsp;<\/li><\/ul>\n\n\n\n<p>Les radios prolongent Sonohr avec un programme adapt\u00e9 avant et apr\u00e8s le festival. Pendant le festival, elles sont pr\u00e9sentes au cin\u00e9ma Rex et diffusent en direct d&rsquo;int\u00e9ressants reportages de fond. Elles r\u00e9alisent \u00e9galement des interviews avec des podcasters, des producteurs et productrices de pi\u00e8ces radiophoniques et d&rsquo;autres cr\u00e9atrices et cr\u00e9ateurs audio.<\/p>\n\n\n\n<h2 class=\"wp-block-heading\">SONOHR on air 2022 \u00e9tait soutenu par<\/h2>\n\n\n\n<div class=\"wp-block-columns is-layout-flex wp-container-core-columns-is-layout-9d6595d7 wp-block-columns-is-layout-flex\">\n<div class=\"wp-block-column is-layout-flow wp-block-column-is-layout-flow\">\n<div class=\"wp-block-image\"><figure class=\"aligncenter size-large is-resized\"><img loading=\"lazy\" decoding=\"async\" src=\"https:\/\/wp.sonohr.ch\/wp-content\/uploads\/Kanton_Bern_RGB-1-1200x698.jpg\" alt=\"\" class=\"wp-image-4744\" width=\"218\" height=\"126\" srcset=\"https:\/\/wp.sonohr.ch\/wp-content\/uploads\/Kanton_Bern_RGB-1-1200x698.jpg 1200w, https:\/\/wp.sonohr.ch\/wp-content\/uploads\/Kanton_Bern_RGB-1-768x447.jpg 768w, https:\/\/wp.sonohr.ch\/wp-content\/uploads\/Kanton_Bern_RGB-1-1536x893.jpg 1536w, https:\/\/wp.sonohr.ch\/wp-content\/uploads\/Kanton_Bern_RGB-1.jpg 1670w\" sizes=\"auto, (max-width: 218px) 100vw, 218px\" \/><\/figure><\/div>\n<\/div>\n\n\n\n<div class=\"wp-block-column is-layout-flow wp-block-column-is-layout-flow\">\n<div class=\"wp-block-image\"><figure class=\"aligncenter size-full is-resized\"><img loading=\"lazy\" decoding=\"async\" src=\"https:\/\/wp.sonohr.ch\/wp-content\/uploads\/EDI_BAK_D_CMYK_POS_HOCH.jpg\" alt=\"\" class=\"wp-image-4745\" width=\"198\" height=\"70\"\/><\/figure><\/div>\n<\/div>\n<\/div>\n\n\n\n<h2 class=\"wp-block-heading\">Stations radios participantes SONOHR on air 2022<\/h2>\n\n\n\n<div class=\"wp-block-columns is-layout-flex wp-container-core-columns-is-layout-9d6595d7 wp-block-columns-is-layout-flex\">\n<div class=\"wp-block-column is-layout-flow wp-block-column-is-layout-flow\">\n<div class=\"wp-block-image\"><figure class=\"aligncenter size-large is-resized\"><img loading=\"lazy\" decoding=\"async\" src=\"https:\/\/wp.sonohr.ch\/wp-content\/uploads\/1_Kanal_K_Logo_schwarz_mit_Claim-1200x446.jpg\" alt=\"\" class=\"wp-image-4746\" width=\"178\" height=\"66\" srcset=\"https:\/\/wp.sonohr.ch\/wp-content\/uploads\/1_Kanal_K_Logo_schwarz_mit_Claim-1200x446.jpg 1200w, https:\/\/wp.sonohr.ch\/wp-content\/uploads\/1_Kanal_K_Logo_schwarz_mit_Claim-768x285.jpg 768w, https:\/\/wp.sonohr.ch\/wp-content\/uploads\/1_Kanal_K_Logo_schwarz_mit_Claim-1536x571.jpg 1536w, https:\/\/wp.sonohr.ch\/wp-content\/uploads\/1_Kanal_K_Logo_schwarz_mit_Claim-2048x761.jpg 2048w\" sizes=\"auto, (max-width: 178px) 100vw, 178px\" \/><\/figure><\/div>\n<\/div>\n<\/div>\n\n\n\n<div class=\"wp-block-columns is-layout-flex wp-container-core-columns-is-layout-9d6595d7 wp-block-columns-is-layout-flex\">\n<div class=\"wp-block-column is-layout-flow wp-block-column-is-layout-flow\">\n<div class=\"wp-block-image\"><figure class=\"aligncenter size-large is-resized\"><img loading=\"lazy\" decoding=\"async\" src=\"https:\/\/wp.sonohr.ch\/wp-content\/uploads\/Radio-Gwen-QUAD-1200x1200.png\" alt=\"\" class=\"wp-image-4747\" width=\"170\" height=\"170\" srcset=\"https:\/\/wp.sonohr.ch\/wp-content\/uploads\/Radio-Gwen-QUAD-1200x1200.png 1200w, https:\/\/wp.sonohr.ch\/wp-content\/uploads\/Radio-Gwen-QUAD-300x300.png 300w, https:\/\/wp.sonohr.ch\/wp-content\/uploads\/Radio-Gwen-QUAD-768x768.png 768w, https:\/\/wp.sonohr.ch\/wp-content\/uploads\/Radio-Gwen-QUAD.png 1229w\" sizes=\"auto, (max-width: 170px) 100vw, 170px\" \/><\/figure><\/div>\n<\/div>\n\n\n\n<div class=\"wp-block-column is-layout-flow wp-block-column-is-layout-flow\">\n<div class=\"wp-block-image\"><figure class=\"aligncenter size-large is-resized\"><img loading=\"lazy\" decoding=\"async\" src=\"https:\/\/wp.sonohr.ch\/wp-content\/uploads\/LoRa_Logo_schwarz-931x1200.png\" alt=\"\" class=\"wp-image-4748\" width=\"130\" height=\"167\" srcset=\"https:\/\/wp.sonohr.ch\/wp-content\/uploads\/LoRa_Logo_schwarz-931x1200.png 931w, https:\/\/wp.sonohr.ch\/wp-content\/uploads\/LoRa_Logo_schwarz-768x990.png 768w, https:\/\/wp.sonohr.ch\/wp-content\/uploads\/LoRa_Logo_schwarz.png 943w\" sizes=\"auto, (max-width: 130px) 100vw, 130px\" \/><\/figure><\/div>\n<\/div>\n\n\n\n<div class=\"wp-block-column is-layout-flow wp-block-column-is-layout-flow\">\n<div class=\"wp-block-image\"><figure class=\"aligncenter size-full is-resized\"><img loading=\"lazy\" decoding=\"async\" src=\"https:\/\/wp.sonohr.ch\/wp-content\/uploads\/logo_rabe_sw.jpg\" alt=\"\" class=\"wp-image-4749\" width=\"216\" height=\"153\" srcset=\"https:\/\/wp.sonohr.ch\/wp-content\/uploads\/logo_rabe_sw.jpg 1169w, https:\/\/wp.sonohr.ch\/wp-content\/uploads\/logo_rabe_sw-768x543.jpg 768w\" sizes=\"auto, (max-width: 216px) 100vw, 216px\" \/><\/figure><\/div>\n<\/div>\n<\/div>\n\n\n\n<div class=\"wp-block-columns is-layout-flex wp-container-core-columns-is-layout-9d6595d7 wp-block-columns-is-layout-flex\">\n<div class=\"wp-block-column is-layout-flow wp-block-column-is-layout-flow\">\n<div class=\"wp-block-image\"><figure class=\"aligncenter size-large is-resized\"><img loading=\"lazy\" decoding=\"async\" src=\"https:\/\/wp.sonohr.ch\/wp-content\/uploads\/5_Rasa_Nasa_Logo-1200x981.png\" alt=\"\" class=\"wp-image-4753\" width=\"151\" height=\"123\" srcset=\"https:\/\/wp.sonohr.ch\/wp-content\/uploads\/5_Rasa_Nasa_Logo-1200x981.png 1200w, https:\/\/wp.sonohr.ch\/wp-content\/uploads\/5_Rasa_Nasa_Logo-768x628.png 768w, https:\/\/wp.sonohr.ch\/wp-content\/uploads\/5_Rasa_Nasa_Logo-1536x1256.png 1536w, https:\/\/wp.sonohr.ch\/wp-content\/uploads\/5_Rasa_Nasa_Logo-2048x1674.png 2048w\" sizes=\"auto, (max-width: 151px) 100vw, 151px\" \/><\/figure><\/div>\n<\/div>\n\n\n\n<div class=\"wp-block-column is-layout-flow wp-block-column-is-layout-flow\">\n<div class=\"wp-block-image\"><figure class=\"aligncenter size-full is-resized\"><img loading=\"lazy\" decoding=\"async\" src=\"https:\/\/wp.sonohr.ch\/wp-content\/uploads\/RadioX.png\" alt=\"\" class=\"wp-image-4751\" width=\"186\" height=\"101\"\/><\/figure><\/div>\n<\/div>\n\n\n\n<div class=\"wp-block-column is-layout-flow wp-block-column-is-layout-flow\">\n<div class=\"wp-block-image\"><figure class=\"aligncenter size-full is-resized\"><img loading=\"lazy\" decoding=\"async\" src=\"https:\/\/wp.sonohr.ch\/wp-content\/uploads\/Stadtfilter_logo.png\" alt=\"\" class=\"wp-image-4754\" width=\"129\" height=\"129\" srcset=\"https:\/\/wp.sonohr.ch\/wp-content\/uploads\/Stadtfilter_logo.png 505w, https:\/\/wp.sonohr.ch\/wp-content\/uploads\/Stadtfilter_logo-300x300.png 300w\" sizes=\"auto, (max-width: 129px) 100vw, 129px\" \/><\/figure><\/div>\n<\/div>\n<\/div>\n\n\n\n<div class=\"wp-block-columns is-layout-flex wp-container-core-columns-is-layout-9d6595d7 wp-block-columns-is-layout-flex\">\n<div class=\"wp-block-column is-layout-flow wp-block-column-is-layout-flow\">\n<div class=\"wp-block-image\"><figure class=\"aligncenter size-large is-resized\"><img loading=\"lazy\" decoding=\"async\" src=\"https:\/\/wp.sonohr.ch\/wp-content\/uploads\/LogoVostok_dab_dabplus_black-1200x721.png\" alt=\"\" class=\"wp-image-4755\" width=\"193\" height=\"115\" srcset=\"https:\/\/wp.sonohr.ch\/wp-content\/uploads\/LogoVostok_dab_dabplus_black-1200x721.png 1200w, https:\/\/wp.sonohr.ch\/wp-content\/uploads\/LogoVostok_dab_dabplus_black-768x461.png 768w, https:\/\/wp.sonohr.ch\/wp-content\/uploads\/LogoVostok_dab_dabplus_black-1536x922.png 1536w, https:\/\/wp.sonohr.ch\/wp-content\/uploads\/LogoVostok_dab_dabplus_black-2048x1230.png 2048w\" sizes=\"auto, (max-width: 193px) 100vw, 193px\" \/><\/figure><\/div>\n<\/div>\n\n\n\n<div class=\"wp-block-column is-layout-flow wp-block-column-is-layout-flow\">\n<div class=\"wp-block-image\"><figure class=\"aligncenter size-full is-resized\"><img loading=\"lazy\" decoding=\"async\" src=\"https:\/\/wp.sonohr.ch\/wp-content\/uploads\/3FACH_kickass_schwarz.jpg\" alt=\"\" class=\"wp-image-4756\" width=\"199\" height=\"89\" srcset=\"https:\/\/wp.sonohr.ch\/wp-content\/uploads\/3FACH_kickass_schwarz.jpg 968w, https:\/\/wp.sonohr.ch\/wp-content\/uploads\/3FACH_kickass_schwarz-768x342.jpg 768w\" sizes=\"auto, (max-width: 199px) 100vw, 199px\" \/><\/figure><\/div>\n<\/div>\n\n\n\n<div class=\"wp-block-column is-layout-flow wp-block-column-is-layout-flow\">\u00a0<\/div>\n<\/div>\n","protected":false},"excerpt":{"rendered":"<p>SONOHR ON AIR L\u2019\u00e9dition 2023 se d\u00e9roulera simultan\u00e9ment sur les ondes de neuf radios partenaires: de Chiasso \u00e0 Gen\u00e8ve en passant par Schaffhouse, nous invitons \u00e0 vivre le festival tout en d\u00e9couvrant de nouvelles stations de radio. La Radio du Festival Le festival a aussi une radio ! Plongez dans l\u2019atmosph\u00e8re du festival avec des&nbsp;<a class=\"readmore\" href=\"https:\/\/wp.sonohr.ch\/fr\/radio\/\">\u2192MEHR<\/p>\n","protected":false},"author":2,"featured_media":0,"parent":0,"menu_order":15,"comment_status":"closed","ping_status":"closed","template":"","meta":{"_acf_changed":false,"footnotes":""},"class_list":["post-1701","page","type-page","status-publish","hentry"],"acf":[],"_links":{"self":[{"href":"https:\/\/wp.sonohr.ch\/fr\/wp-json\/wp\/v2\/pages\/1701","targetHints":{"allow":["GET"]}}],"collection":[{"href":"https:\/\/wp.sonohr.ch\/fr\/wp-json\/wp\/v2\/pages"}],"about":[{"href":"https:\/\/wp.sonohr.ch\/fr\/wp-json\/wp\/v2\/types\/page"}],"author":[{"embeddable":true,"href":"https:\/\/wp.sonohr.ch\/fr\/wp-json\/wp\/v2\/users\/2"}],"replies":[{"embeddable":true,"href":"https:\/\/wp.sonohr.ch\/fr\/wp-json\/wp\/v2\/comments?post=1701"}],"version-history":[{"count":262,"href":"https:\/\/wp.sonohr.ch\/fr\/wp-json\/wp\/v2\/pages\/1701\/revisions"}],"predecessor-version":[{"id":8191,"href":"https:\/\/wp.sonohr.ch\/fr\/wp-json\/wp\/v2\/pages\/1701\/revisions\/8191"}],"wp:attachment":[{"href":"https:\/\/wp.sonohr.ch\/fr\/wp-json\/wp\/v2\/media?parent=1701"}],"curies":[{"name":"wp","href":"https:\/\/api.w.org\/{rel}","templated":true}]}}