{"id":1456,"date":"2020-06-20T10:36:07","date_gmt":"2020-06-20T09:36:07","guid":{"rendered":"http:\/\/localhost\/?page_id=1456"},"modified":"2025-05-20T11:47:39","modified_gmt":"2025-05-20T10:47:39","slug":"sonohr-preistraegerinnen","status":"publish","type":"page","link":"https:\/\/wp.sonohr.ch\/fr\/sonohr-preistraegerinnen\/","title":{"rendered":"SONOHR Preistr\u00e4ger:innen"},"content":{"rendered":"\r\n<h1 class=\"wp-block-heading\">pr\u00e9c\u00e9dents LAUR\u00c9AT\u2022E\u2022S<\/h1>\r\n<h2>15. SONOHR Radio &#038; Podcast Festival 2025<\/h2>\r\n<p>\r\n\r\n<\/p>\r\n<div class=\"wp-block-media-text alignwide is-stacked-on-mobile\">\r\n<figure class=\"wp-block-media-text__media\"><img loading=\"lazy\" decoding=\"async\" src=\"https:\/\/wp.sonohr.ch\/wp-content\/uploads\/Sonohr840-scaled.jpg\" alt=\" \" width=\"2560\" height=\"1707\" \/><\/figure>\r\n<div class=\"wp-block-media-text__content\">\r\n<ul class=\"wp-block-list\">\r\n<li><strong>12sonances <\/strong><em>\u2013\u00a0G\u00e9rald Wang et Amber Meulenijzer<\/em><strong><br \/><\/strong>rix du jury de la Fondation Suisse pour la radio et la culture FSRC, CHF 2\u201900o.-<\/li>\r\n<li><strong>From Nutmeg to Dodo <\/strong><em>\u2013 Mich\u00e8le Rusconi<br \/><\/em>Prix du jury Syndicat suisse des mass media SSM, CHF 2\u2019000.-<\/li>\r\n<li><strong>Histoire de cris <\/strong><em>\u2013 Am\u00e9lie Charcosset<br \/><\/em>\u00abHerzst\u00fcck\u00bb \u2013 Prix de reconnaissance du Jury, CHF 1\u2019000.-<\/li>\r\n<li><strong>C\u00e9r\u00e9monie pour un veau <\/strong><em>\u2013 Rachel Maisonneuve<\/em><br \/>\u00abPrix engagement\u00bb \u2013 Prix de reconnaissance du Jury, CHF 1\u2019000.-<\/li>\r\n<li><strong>Histoire de cris <\/strong><em>\u2013 Am\u00e9lie Charcosset<br \/><\/em>SONOHR Prix public<\/li>\r\n<\/ul>\r\n\r\n\r\n<\/div>\r\n<\/div>\r\n<p>\r\n\r\n<\/p>\r\n<p><em>d.g.\u00e0.d.: G\u00e9rald Wang, Rachel Maisonneuve, Am\u00e9lie Charcosset<\/em><\/p>\r\n<h2>14. SONOHR Radio &#038; Podcast Festival 2024<\/h2>\r\n<p>\r\n\r\n<\/p>\r\n<div class=\"wp-block-media-text alignwide is-stacked-on-mobile\">\r\n<figure class=\"wp-block-media-text__media\"><img loading=\"lazy\" decoding=\"async\" src=\"https:\/\/wp.sonohr.ch\/wp-content\/uploads\/2402_Sonohr769_web.jpg\" alt=\" \" width=\"2560\" height=\"1707\" \/><\/figure>\r\n<div class=\"wp-block-media-text__content\">\r\n<ul class=\"wp-block-list\">\r\n<li><strong>U-R \u2013 Geburt, Kindheit, Labels <\/strong><em>\u2013 Ronja Fankhauser &#038; Mischael Escher<\/em><br \/>\u00abPrix fra\u00eecheur\u00bb \u2013 Prix du jury de la Fondation Suisse pour la radio et la culture FSRC, CHF 2\u201900o.-<\/li>\r\n<li><strong>Les seins des hommes <\/strong>\u2013 <em>Simona Ferrar<br \/><\/em>\u00abPrix horizon\u00bb \u2013 Prix du jury Syndicat suisse des mass media SSM, CHF 2\u2019000.-<\/li>\r\n<li><em><strong>Celle qui restent : riposte <\/strong>\u2013 Sarah Gay-Balmaz<br \/><\/em>\u00abPrix engagement\u00bb \u2013 Prix de reconnaissance du Jury, CHF 1\u2019000.-<\/li>\r\n<li><strong>Ferristes <\/strong>\u2013 <em>Aline Suter<\/em><br \/>\u00abPrix enchantement\u00bb \u2013 Prix de reconnaissance du Jury, CHF 1\u2019000.-<\/li>\r\n<li><strong>Celle qui restent : riposte\u00bb<\/strong><em> \u2013 Sarah Gay-Balmaz<br \/><\/em>SONOHR Prix public<em><br \/><\/em><\/li>\r\n<\/ul>\r\n\r\n\r\n<\/div>\r\n<\/div>\r\n<p>\r\n\r\n<\/p>\r\n<p><em>d.g.\u00e0.d.: Aline Suter, Simona Ferrar, Ronja Fankhauser, Mischael Escher, Sarah Gay-Balmaz<\/em><\/p>\r\n<h2>13. SONOHR Radio &#038; Podcast Festival 2023<\/h2>\r\n<p>\r\n\r\n<\/p>\r\n<div class=\"wp-block-media-text alignwide is-stacked-on-mobile\">\r\n<figure class=\"wp-block-media-text__media\"><img loading=\"lazy\" decoding=\"async\" class=\"alignnone wp-image-6301 size-full\" src=\"https:\/\/wp.sonohr.ch\/wp-content\/uploads\/2023.jpg\" alt=\"\" width=\"1620\" height=\"1080\" srcset=\"https:\/\/wp.sonohr.ch\/wp-content\/uploads\/2023.jpg 1620w, https:\/\/wp.sonohr.ch\/wp-content\/uploads\/2023-1200x800.jpg 1200w, https:\/\/wp.sonohr.ch\/wp-content\/uploads\/2023-768x512.jpg 768w, https:\/\/wp.sonohr.ch\/wp-content\/uploads\/2023-1536x1024.jpg 1536w\" sizes=\"auto, (max-width: 1620px) 100vw, 1620px\" \/><\/figure>\r\n<div class=\"wp-block-media-text__content\">\r\n<ul class=\"wp-block-list\">\r\n<li><strong>Maam Kumba Bang : mythe ou l\u00e9gende ?<\/strong> \u2013 <em>Jonathan Frigeri, Mbaye Diop &#038; Eric Desjeux<br \/><\/em>Prix du jury \u00ab Prix du c\u0153ur \u00bb Syndicat suisse des mass media SSM, CHF 2\u2019000.-<\/li>\r\n<li><strong>Macerie <\/strong>\u2013 <em>Olmo Cerri<\/em><br \/>Prix du jury \u00ab\u00a0Prix de l\u2019authenticit\u00e9 \u00bb de la Fondation Suisse pour la radio et la culture FSRC, CHF 2\u2019000.-<\/li>\r\n<li><strong>Macerie <\/strong>\u2013 <em>Olmo Cerri<\/em><br \/>Prix public, CHF 2\u2019000.-<\/li>\r\n<\/ul>\r\n\r\n\r\n\r\n<p>&nbsp;<\/p>\r\n<\/div>\r\n<\/div>\r\n<p>\r\n\r\n<\/p>\r\n<p><em>d.g.\u00e0.d.: Julie Kummer (jury), Jonathan Frigeri, Marina Bolzli (jury)<\/em><\/p>\r\n\r\n\r\n\r\n<h2 class=\"wp-block-heading\">12. SONOHR Radio &#038; Podcast Festival 2022<\/h2>\r\n\r\n\r\n\r\n<div class=\"wp-block-media-text alignwide is-stacked-on-mobile\">\r\n<figure class=\"wp-block-media-text__media\"><img loading=\"lazy\" decoding=\"async\" width=\"1200\" height=\"800\" class=\"wp-image-5205 size-full\" src=\"https:\/\/wp.sonohr.ch\/wp-content\/uploads\/PreistraegerInnen2022-1200x800.jpg\" alt=\"\" srcset=\"https:\/\/wp.sonohr.ch\/wp-content\/uploads\/PreistraegerInnen2022-1200x800.jpg 1200w, https:\/\/wp.sonohr.ch\/wp-content\/uploads\/PreistraegerInnen2022-768x512.jpg 768w, https:\/\/wp.sonohr.ch\/wp-content\/uploads\/PreistraegerInnen2022-1536x1024.jpg 1536w, https:\/\/wp.sonohr.ch\/wp-content\/uploads\/PreistraegerInnen2022-2048x1366.jpg 2048w\" sizes=\"auto, (max-width: 1200px) 100vw, 1200px\" \/><\/figure>\r\n<div class=\"wp-block-media-text__content\">\r\n<ul class=\"wp-block-list\">\r\n<li><strong>Vieille Peau<\/strong> &#8211; <em>Charlotte Dumartheray, Basile Rosselet<\/em><br \/>Prix du jury \u00abBest Newcomer\u00bb Syndicat suisse des mass media SSM, CHF 2\u2019000.-<\/li>\r\n<li><strong>Rosa, il caso Vercesi<\/strong> &#8211; <em>Nadir Vassena, Fabrizio Rosso<\/em><br \/>Prix du jury \u00ab\u00a0Meilleure composition musicale\u00a0\u00bb de la Fondation Suisse pour la radio et la culture FSRC, CHF 2\u2019000.-<\/li>\r\n<li><strong>Sidi 1910 \u2013 ein lokal-historisches H\u00f6rspiel<\/strong> &#8211; <em>Florian Sieber &#038; Laura Serra<\/em><br \/>Prix public, CHF 2\u2019000.-<\/li>\r\n<\/ul>\r\n\r\n\r\n\r\n<p>&nbsp;<\/p>\r\n<\/div>\r\n<\/div>\r\n\r\n\r\n\r\n<p><em>de g. \u00e0 d.: C\u00e9line Carridroit (jury), Diana Rojas-Feile (jury), Gian Ramming (Jury), Charlotte Dumartheray, Basile Rosselet<br \/>en bas: Fabrizio Rosso, Laura Serra (3\u00e8me<\/em> <em>de g.) &#038; Team<\/em> <em>(absent Nadir Vassena)<\/em><\/p>\r\n\r\n\r\n\r\n<h2 class=\"wp-block-heading\">11. SONOHR Radio &#038; Podcast Festival 2021<\/h2>\r\n\r\n\r\n\r\n<div class=\"wp-block-media-text alignwide is-stacked-on-mobile\">\r\n<figure class=\"wp-block-media-text__media\"><img loading=\"lazy\" decoding=\"async\" width=\"1200\" height=\"800\" class=\"wp-image-2456 size-full\" src=\"https:\/\/wp.sonohr.ch\/wp-content\/uploads\/2021_Pokale_\u00a9Samuel_Paul_Ga\u0308umann-1200x800.jpg\" alt=\"Pokale 2021\" srcset=\"https:\/\/wp.sonohr.ch\/wp-content\/uploads\/2021_Pokale_\u00a9Samuel_Paul_Ga\u0308umann-1200x800.jpg 1200w, https:\/\/wp.sonohr.ch\/wp-content\/uploads\/2021_Pokale_\u00a9Samuel_Paul_Ga\u0308umann-768x512.jpg 768w, https:\/\/wp.sonohr.ch\/wp-content\/uploads\/2021_Pokale_\u00a9Samuel_Paul_Ga\u0308umann-1536x1024.jpg 1536w, https:\/\/wp.sonohr.ch\/wp-content\/uploads\/2021_Pokale_\u00a9Samuel_Paul_Ga\u0308umann-2048x1365.jpg 2048w\" sizes=\"auto, (max-width: 1200px) 100vw, 1200px\" \/><\/figure>\r\n<div class=\"wp-block-media-text__content\">\r\n<ul class=\"wp-block-list\">\r\n<li><strong>Strani Giorgni <\/strong>&#8211; <em>Olmo Cerri<\/em><br \/>Prix du jury\u00a0\u00abBeste Audio-Dokumentation\u00bb Syndicat suisse des mass media SSM, CHF 2\u2009000.-<\/li>\r\n<li><strong>L\u2019\u00e9t\u00e9 derri\u00e8re la fen\u00eatre<\/strong> &#8211; <em>Clara Alloing<\/em> <br \/>Prix du jury\u00abLa meilleure conception sonore\u00bb de la Fondation Suisse pour la radio et la culture FSRC, CHF 2\u2019000.-<\/li>\r\n<li><strong>Ich dachte morgen sei immer<\/strong> &#8211; <em>Lia Schmieder<br \/><\/em>Prix public, CHF 2\u2019000.-<\/li>\r\n<\/ul>\r\n\r\n\r\n\r\n<p>&nbsp;<\/p>\r\n<\/div>\r\n<\/div>\r\n\r\n\r\n\r\n<h2 class=\"wp-block-heading\">10. SONOHR Radio &#038; Podcast Festival 2020<\/h2>\r\n\r\n\r\n\r\n<div class=\"wp-block-media-text alignwide is-stacked-on-mobile\">\r\n<figure class=\"wp-block-media-text__media\"><img loading=\"lazy\" decoding=\"async\" width=\"2560\" height=\"1707\" class=\"wp-image-756 size-full\" src=\"https:\/\/wp.sonohr.ch\/wp-content\/uploads\/2020\/02\/SONOHR2020_Jury-und-Gewinnerinnen\u00a9SamuelPaulG\u00e4umann00006-scaled.jpg\" alt=\"Preistr\u00e4ger*innen und Jury\" srcset=\"https:\/\/wp.sonohr.ch\/wp-content\/uploads\/2020\/02\/SONOHR2020_Jury-und-Gewinnerinnen\u00a9SamuelPaulG\u00e4umann00006-scaled.jpg 2560w, https:\/\/wp.sonohr.ch\/wp-content\/uploads\/2020\/02\/SONOHR2020_Jury-und-Gewinnerinnen\u00a9SamuelPaulG\u00e4umann00006-768x512.jpg 768w, https:\/\/wp.sonohr.ch\/wp-content\/uploads\/2020\/02\/SONOHR2020_Jury-und-Gewinnerinnen\u00a9SamuelPaulG\u00e4umann00006-1536x1024.jpg 1536w, https:\/\/wp.sonohr.ch\/wp-content\/uploads\/2020\/02\/SONOHR2020_Jury-und-Gewinnerinnen\u00a9SamuelPaulG\u00e4umann00006-2048x1365.jpg 2048w\" sizes=\"auto, (max-width: 2560px) 100vw, 2560px\" \/><\/figure>\r\n<div class=\"wp-block-media-text__content\">\r\n<ul class=\"wp-block-list\">\r\n<li><strong>La 4e dimension \u2013 le temps des montres <\/strong>&#8211; <em>Laure Gabus<\/em><br \/>Prix du jury \u00abLe meilleur reportage\u00bb du Syndicat suisse des mass media SSM, CHF 2000.\u2013<\/li>\r\n<li><strong>Krypta<\/strong> <em>&#8211; Jannik Giger<\/em><br \/>Prix du jury \u00abBest Sound Piece\u00bb de la Fondation Suisse pour la radio et la culture FSRC, CHF 2000.\u2013<\/li>\r\n<li><strong>Sihlquai <\/strong>&#8211; <em>Christine Brand, This Wachter und Simon Meyer<\/em><br \/>Prix public, CHF 2000.\u2013<\/li>\r\n<\/ul>\r\n\r\n\r\n\r\n<p>&nbsp;<\/p>\r\n<\/div>\r\n<\/div>\r\n\r\n\r\n\r\n<p><em>d.g.\u00e0.d.: Johannes Mayr (jury), Laure Gabus, Liselotte T\u00e4nnler (jury), This Wachter, Juliane Roncoroni (jury), Foto: Samuel Paul G\u00e4umann<\/em><\/p>\r\n\r\n\r\n\r\n<h2 class=\"wp-block-heading\">9. sonOhr Radio &#038; Podcast Festival 2019<\/h2>\r\n\r\n\r\n\r\n<div class=\"wp-block-media-text alignwide is-stacked-on-mobile\">\r\n<figure class=\"wp-block-media-text__media\"><img loading=\"lazy\" decoding=\"async\" width=\"1024\" height=\"682\" class=\"wp-image-2007 size-full\" src=\"https:\/\/wp.sonohr.ch\/wp-content\/uploads\/Preistraeger2019.jpeg\" alt=\"\" srcset=\"https:\/\/wp.sonohr.ch\/wp-content\/uploads\/Preistraeger2019.jpeg 1024w, https:\/\/wp.sonohr.ch\/wp-content\/uploads\/Preistraeger2019-768x512.jpeg 768w\" sizes=\"auto, (max-width: 1024px) 100vw, 1024px\" \/><\/figure>\r\n<div class=\"wp-block-media-text__content\">\r\n<ul class=\"wp-block-list\">\r\n<li><strong>Vaterland <\/strong><em>&#8211; Michelle Akanji <\/em><br \/>Prix du jury \u00abBest Discovery\u00bb de la Fondation Suisse pour la radio et la culture FSRC<\/li>\r\n<li><strong>Vaterland <\/strong><em>&#8211; Michelle Akanji<\/em><br \/>Prix public<\/li>\r\n<li><strong>Daring <\/strong><em>&#8211; Katarina Hagstedt<\/em><br \/>Prix du jury \u00abBravest Piece\u00bb du Syndicat suisse des mass media SSM\u00a0<\/li>\r\n<li><strong>D&rsquo; Bohn\u00e4 und de Schp\u00e4ck<\/strong><em> &#8211; Nadia Zollinger<\/em><br \/>Jury-Preis flashstory des Verbandes Schweizer Privatradios VSP<\/li>\r\n<\/ul>\r\n<\/div>\r\n<\/div>\r\n\r\n\r\n\r\n<p><em>d.g.\u00e0.d.: Regina D\u00fcrig (Jury), Barbara B. Peter (Jury), Katarina Hagstedt, Michelle Akanji, Daniel Bilenko<br \/>Foto: Samuel Paul G\u00e4umann<\/em><\/p>\r\n\r\n\r\n\r\n<h2 class=\"wp-block-heading\">8. sonOhr Radio &#038; Podcast Festival 2018<\/h2>\r\n\r\n\r\n\r\n<div class=\"wp-block-media-text alignwide is-stacked-on-mobile\">\r\n<figure class=\"wp-block-media-text__media\"><img loading=\"lazy\" decoding=\"async\" width=\"1200\" height=\"843\" class=\"wp-image-2001 size-full\" src=\"https:\/\/wp.sonohr.ch\/wp-content\/uploads\/Preistraeger2018-1200x843.jpg\" alt=\"\" srcset=\"https:\/\/wp.sonohr.ch\/wp-content\/uploads\/Preistraeger2018-1200x843.jpg 1200w, https:\/\/wp.sonohr.ch\/wp-content\/uploads\/Preistraeger2018-768x539.jpg 768w, https:\/\/wp.sonohr.ch\/wp-content\/uploads\/Preistraeger2018-1536x1079.jpg 1536w, https:\/\/wp.sonohr.ch\/wp-content\/uploads\/Preistraeger2018-2048x1438.jpg 2048w\" sizes=\"auto, (max-width: 1200px) 100vw, 1200px\" \/><\/figure>\r\n<div class=\"wp-block-media-text__content\">\r\n<ul class=\"wp-block-list\">\r\n<li><strong>Marderschreck <\/strong><em>&#8211; Barbara Schibli, Andreas von Stosch, Produktion: Bauhaus-Universit\u00e4t Weimar, H\u00f6rspielsommer e.V<\/em><br \/>Prix du jury Fiction de la Fondation Suisse pour la radio et la culture FSRC<\/li>\r\n<li><strong>Seelenverwandt <\/strong><em>&#8211; Vanessa Kobelt<\/em><br \/>Prix du jury Non-Fiction du Syndicat suisse des mass media SSM<\/li>\r\n<li><strong>Die Schande, ein Weib zu sein: Grossmutter, die erste Pfarrerin <\/strong><em>&#8211; Christina Caprez<\/em><br \/>Prix public\u00a0<\/li>\r\n<li><strong>Winternacht im Z\u00fcri-WC <\/strong><em>&#8211; Nico Leuenberger<\/em><br \/>Jury-Preis flashstory des Verbandes Schweizer Privatradios VSP<\/li>\r\n<\/ul>\r\n<\/div>\r\n<\/div>\r\n\r\n\r\n\r\n<h2 class=\"wp-block-heading\">7. sonOhr Festival 2017<\/h2>\r\n\r\n\r\n\r\n<div class=\"wp-block-media-text alignwide is-stacked-on-mobile\">\r\n<figure class=\"wp-block-media-text__media\"><img loading=\"lazy\" decoding=\"async\" width=\"1200\" height=\"801\" class=\"wp-image-2005 size-full\" src=\"https:\/\/wp.sonohr.ch\/wp-content\/uploads\/Preistraeger2017.jpg\" alt=\"\" srcset=\"https:\/\/wp.sonohr.ch\/wp-content\/uploads\/Preistraeger2017.jpg 1200w, https:\/\/wp.sonohr.ch\/wp-content\/uploads\/Preistraeger2017-768x513.jpg 768w\" sizes=\"auto, (max-width: 1200px) 100vw, 1200px\" \/><\/figure>\r\n<div class=\"wp-block-media-text__content\">\r\n<ul class=\"wp-block-list\">\r\n<li><strong>Blue Garden <\/strong><em>&#8211; Andreas Liebmann<\/em><br \/>Prix du jury Fiction de la Fondation Suisse pour la radio et la culture FSRC<\/li>\r\n<li><strong>Cartolina sonora <\/strong><em>&#8211; Abril Padilla<\/em><br \/>Prix du jury Non-Fiction du Syndicat suisse des mass media SSM<\/li>\r\n<li><strong>Yedoma<\/strong><em> &#8211; Olga Kokcharova und Gianluca Ruggeri<\/em><br \/>Jury-Preis Prix d`Ohr\u00a0<\/li>\r\n<li><strong>Minutes of an Extended Departure <\/strong><em>&#8211; The Caretakers<\/em><br \/>Prix public\u00a0<\/li>\r\n<li><strong>Strom <\/strong><em>&#8211; Dejan Barac, Eleonora Camizzi, Katarina Tereh<\/em><br \/>Jury-Preis flashstory des Verbandes Schweizer Privatradios VSP<\/li>\r\n<\/ul>\r\n<\/div>\r\n<\/div>\r\n\r\n\r\n\r\n<h2 class=\"wp-block-heading\">6. sonOhr Festival 2016<\/h2>\r\n\r\n\r\n\r\n<div class=\"wp-block-media-text alignwide is-stacked-on-mobile\">\r\n<figure class=\"wp-block-media-text__media\"><img loading=\"lazy\" decoding=\"async\" width=\"1200\" height=\"821\" class=\"wp-image-2010 size-full\" src=\"https:\/\/wp.sonohr.ch\/wp-content\/uploads\/Gewinner2016-1200x821.jpg\" alt=\"\" srcset=\"https:\/\/wp.sonohr.ch\/wp-content\/uploads\/Gewinner2016-1200x821.jpg 1200w, https:\/\/wp.sonohr.ch\/wp-content\/uploads\/Gewinner2016-768x525.jpg 768w, https:\/\/wp.sonohr.ch\/wp-content\/uploads\/Gewinner2016-1536x1051.jpg 1536w, https:\/\/wp.sonohr.ch\/wp-content\/uploads\/Gewinner2016-2048x1401.jpg 2048w\" sizes=\"auto, (max-width: 1200px) 100vw, 1200px\" \/><\/figure>\r\n<div class=\"wp-block-media-text__content\">\r\n<ul class=\"wp-block-list\">\r\n<li><strong>Nordlichter &#8211; ein H\u00f6rspiel in Mono(tonie)<\/strong> <em>&#8211; Christina Baron<\/em><br \/>Prix du jury de la Fondation Suisse pour la radio et la culture FSRC\u00a0<\/li>\r\n<li><strong>La N\u00fcvla da Pra Davant<\/strong> <em>&#8211; Martin Bezzola<\/em><br \/>Prix du jury Non-Fiction du Syndicat suisse des mass media SSM<\/li>\r\n<li><strong>Hirnmusik<\/strong> <em>&#8211; Simon Grab<\/em><br \/>Jury-Preis Prix d&rsquo;Ohr<\/li>\r\n<li><strong>\u00dcber Wellen zu den Wellen<\/strong> &#8211;<em> Donat Hofer<\/em><br \/>Prix public<\/li>\r\n<\/ul>\r\n\r\n\r\n\r\n<p>&nbsp;<\/p>\r\n<\/div>\r\n<\/div>\r\n\r\n\r\n\r\n<h2 class=\"wp-block-heading\">5. sonOhr Festival 2015<\/h2>\r\n\r\n\r\n\r\n<div class=\"wp-block-media-text alignwide is-stacked-on-mobile\">\r\n<figure class=\"wp-block-media-text__media\"><img loading=\"lazy\" decoding=\"async\" width=\"1024\" height=\"681\" class=\"wp-image-2004 size-full\" src=\"https:\/\/wp.sonohr.ch\/wp-content\/uploads\/Preistraeger2015.jpg\" alt=\"\" srcset=\"https:\/\/wp.sonohr.ch\/wp-content\/uploads\/Preistraeger2015.jpg 1024w, https:\/\/wp.sonohr.ch\/wp-content\/uploads\/Preistraeger2015-768x511.jpg 768w\" sizes=\"auto, (max-width: 1024px) 100vw, 1024px\" \/><\/figure>\r\n<div class=\"wp-block-media-text__content\">\r\n<ul class=\"wp-block-list\">\r\n<li><strong>Ein Tag im Leben des Privatradios<\/strong> <em>&#8211; Mirio B\u00e4hler und Thierry L\u00fcthy<\/em><br \/>Prix du jury de la Fondation Suisse pour la radio et la culture FSRC<\/li>\r\n<li><strong>F\u00fcr diese Idee andere Hosen anziehen<\/strong><em> &#8211; Daniel Glur<\/em><br \/>Prix du jury Non-Fiction du Syndicat suisse des mass media SSM\u00a0<\/li>\r\n<li><strong>Carte postale sonore de La Chaux-de-Fonds<\/strong><em> &#8211; Abril Padilla<\/em><br \/>Jury-Preis Prix d&rsquo;Ohr\u00a0<\/li>\r\n<li><strong>Klang der Stille<\/strong> <em>&#8211; Yvonn Scherrer<\/em><br \/>Prix public<\/li>\r\n<\/ul>\r\n\r\n\r\n\r\n<p>&nbsp;<\/p>\r\n<\/div>\r\n<\/div>\r\n\r\n\r\n\r\n<h2 class=\"wp-block-heading\">4. sonOhr Festival 2014<\/h2>\r\n\r\n\r\n\r\n<div class=\"wp-block-media-text alignwide is-stacked-on-mobile\">\r\n<figure class=\"wp-block-media-text__media\"><img loading=\"lazy\" decoding=\"async\" width=\"300\" height=\"213\" class=\"wp-image-1993 size-full\" src=\"https:\/\/wp.sonohr.ch\/wp-content\/uploads\/Gewinner2014-300x300-1-e1647535520530.jpg\" alt=\"\" \/><\/figure>\r\n<div class=\"wp-block-media-text__content\">\r\n<ul class=\"wp-block-list\">\r\n<li><strong>Quarant\u00e4ne. Der Gr\u00fcne Tod in Winterthur<\/strong> <em>&#8211; Elvira Isenring, Sebastian Herzog, Tom Combo, Gion M. Cavelty, Daniel Mezger und Dominik Dusek<\/em><br \/>Prix du jury Fiction de la Fondation Suisse pour la radio et la culture FSRC<\/li>\r\n<li><strong>M\u00e4nnertr\u00e4ume<\/strong><em> &#8211; Maru Rieben<\/em><br \/>Prix du jury Non-Fiction du Syndicat suisse des mass media SSM<\/li>\r\n<li><strong>Childhood Stories \u2013 China 2012<\/strong> <em>&#8211; Regina D\u00fcrig, Christian M\u00fcller<\/em><br \/>Jury-Preis Experimentelles<\/li>\r\n<li><strong>Der Lismer-Club, Ruedi + Heinz und die Fallmasche<\/strong> <em>&#8211; Rolf Strub<\/em><br \/>Prix public<\/li>\r\n<\/ul>\r\n<\/div>\r\n<\/div>\r\n\r\n\r\n\r\n<h2 class=\"wp-block-heading\">3. sonOhr Festival 2013<\/h2>\r\n\r\n\r\n\r\n<div class=\"wp-block-media-text alignwide is-stacked-on-mobile\">\r\n<figure class=\"wp-block-media-text__media\"><img decoding=\"async\" class=\"wp-image-1992 size-thumbnail\" src=\"https:\/\/wp.sonohr.ch\/wp-content\/uploads\/Gewinner2013-300x300-1-e1647535586653.jpg\" alt=\"\" \/><\/figure>\r\n<div class=\"wp-block-media-text__content\">\r\n<ul class=\"wp-block-list\">\r\n<li><strong>WC-Drama<\/strong> <em>&#8211; Gaudenz Tr\u00fceb (Lorenz Keller)<\/em><br \/>Prix du jury Fiction de la Fondation Suisse pour la radio et la culture FSRC<\/li>\r\n<li><strong>Kultur am Rand &#8211; Das Labitzke-Areal in Z\u00fcrich-Altstetten<\/strong> <em>&#8211; Thomas Niederberger und Francesca Nussio<\/em><br \/>Prix du jury Non-Fiction du Syndicat suisse des mass media SSM<\/li>\r\n<li><strong>Der Elektrobarde<\/strong><em> &#8211; Martin Bezzola<\/em><br \/>Prix public<\/li>\r\n<\/ul>\r\n<\/div>\r\n<\/div>\r\n\r\n\r\n\r\n<h2 class=\"wp-block-heading\">2. sonOhr Festival 2012<\/h2>\r\n\r\n\r\n\r\n<div class=\"wp-block-media-text alignwide is-stacked-on-mobile\">\r\n<figure class=\"wp-block-media-text__media\"><img decoding=\"async\" class=\"wp-image-1991 size-full\" src=\"https:\/\/wp.sonohr.ch\/wp-content\/uploads\/Gewinner2012-300x300-1-e1647535741826.jpg\" alt=\"\" \/><\/figure>\r\n<div class=\"wp-block-media-text__content\">\r\n<ul class=\"wp-block-list\">\r\n<li><strong>Ds Cham\u00e4leon und anderi Geschichte<\/strong> &#8211; <em>Hannes Barfuss und Gabriel Crucitti<\/em><br \/>Prix du jury Fiction de la Fondation Suisse pour la radio et la culture FSRC<\/li>\r\n<li><strong>Sonic Traces: From The Arab World<\/strong> <strong><em>&#8211; Thomas Burkhalter und Simon Grab<\/em><\/strong><br \/>Prix du jury Non-Fiction du Syndicat suisse des mass media SSM<\/li>\r\n<li><strong>Dr knackigi Gnom<\/strong> <em>&#8211; Christin Glauser und Philippe Graff<\/em><br \/>Prix public<\/li>\r\n<\/ul>\r\n\r\n\r\n\r\n<p>&nbsp;<\/p>\r\n<\/div>\r\n<\/div>\r\n\r\n\r\n\r\n<h2 class=\"wp-block-heading\">1. sonOhr Festival 2011<\/h2>\r\n\r\n\r\n\r\n<div class=\"wp-block-media-text alignwide is-stacked-on-mobile\">\r\n<figure class=\"wp-block-media-text__media\"><img decoding=\"async\" class=\"wp-image-1990 size-full\" src=\"https:\/\/wp.sonohr.ch\/wp-content\/uploads\/Gewinner2011-300x300-1.jpg\" alt=\"\" \/><\/figure>\r\n<div class=\"wp-block-media-text__content\">\r\n<ul class=\"wp-block-list\">\r\n<li><strong>Nid w\u00e4gn\u00e4h<\/strong> <em>&#8211; Franz Bigler und Radio Silbergrau<\/em><br \/>Prix public<\/li>\r\n<\/ul>\r\n<\/div>\r\n<\/div>\r\n\r\n\r\n\r\n<p>&nbsp;<\/p>\r\n","protected":false},"excerpt":{"rendered":"<p>pr\u00e9c\u00e9dents LAUR\u00c9AT\u2022E\u2022S 15. SONOHR Radio &#038; Podcast Festival 2025 12sonances \u2013\u00a0G\u00e9rald Wang et Amber Meulenijzerrix du jury de la Fondation Suisse pour la radio et la culture FSRC, CHF 2\u201900o.- From Nutmeg to Dodo \u2013 Mich\u00e8le RusconiPrix du jury Syndicat suisse des mass media SSM, CHF 2\u2019000.- Histoire de cris \u2013 Am\u00e9lie Charcosset\u00abHerzst\u00fcck\u00bb \u2013 Prix&nbsp;<a class=\"readmore\" href=\"https:\/\/wp.sonohr.ch\/fr\/sonohr-preistraegerinnen\/\">\u2192MEHR<\/p>\n","protected":false},"author":7,"featured_media":0,"parent":0,"menu_order":16,"comment_status":"closed","ping_status":"closed","template":"","meta":{"_acf_changed":false,"footnotes":""},"class_list":["post-1456","page","type-page","status-publish","hentry"],"acf":[],"_links":{"self":[{"href":"https:\/\/wp.sonohr.ch\/fr\/wp-json\/wp\/v2\/pages\/1456","targetHints":{"allow":["GET"]}}],"collection":[{"href":"https:\/\/wp.sonohr.ch\/fr\/wp-json\/wp\/v2\/pages"}],"about":[{"href":"https:\/\/wp.sonohr.ch\/fr\/wp-json\/wp\/v2\/types\/page"}],"author":[{"embeddable":true,"href":"https:\/\/wp.sonohr.ch\/fr\/wp-json\/wp\/v2\/users\/7"}],"replies":[{"embeddable":true,"href":"https:\/\/wp.sonohr.ch\/fr\/wp-json\/wp\/v2\/comments?post=1456"}],"version-history":[{"count":124,"href":"https:\/\/wp.sonohr.ch\/fr\/wp-json\/wp\/v2\/pages\/1456\/revisions"}],"predecessor-version":[{"id":7791,"href":"https:\/\/wp.sonohr.ch\/fr\/wp-json\/wp\/v2\/pages\/1456\/revisions\/7791"}],"wp:attachment":[{"href":"https:\/\/wp.sonohr.ch\/fr\/wp-json\/wp\/v2\/media?parent=1456"}],"curies":[{"name":"wp","href":"https:\/\/api.w.org\/{rel}","templated":true}]}}