{"id":123,"date":"2020-01-14T14:13:23","date_gmt":"2020-01-14T13:13:23","guid":{"rendered":"http:\/\/localhost\/?page_id=123"},"modified":"2026-01-12T12:49:31","modified_gmt":"2026-01-12T11:49:31","slug":"tickets","status":"publish","type":"page","link":"https:\/\/wp.sonohr.ch\/fr\/tickets\/","title":{"rendered":"Billets &#038; Lieux"},"content":{"rendered":"<h1>Billets<\/h1>\n\n\n<p><strong>Tous les billets sont disponibles en ligne sur <a href=\"https:\/\/www.ticketino.com\/fr\/eventgroup\/SONOHR-2026\/5911\" target=\"_blank\" rel=\"noreferrer noopener\">Ticketino<\/a>.&nbsp;Il n\u2019y a pas de billetterie sur place !<\/strong><\/p>\n\n\n\n<p class=\"has-text-align-left\">Chez nous, vous d\u00e9cidez vous-m\u00eame du prix que vous souhaitez payer, ind\u00e9pendamment des r\u00e9ductions auxquelles vous avez droit.<br><em>(<em>Tous les prix en CHF<\/em>)<\/em><\/p>\n\n\n\n<div class=\"wp-block-columns is-layout-flex wp-container-core-columns-is-layout-9d6595d7 wp-block-columns-is-layout-flex\">\n<div class=\"wp-block-column is-layout-flow wp-block-column-is-layout-flow\">\u00a0<\/div>\n\n\n\n<div class=\"wp-block-column is-layout-flow wp-block-column-is-layout-flow\">\n<div class=\"wp-block-columns is-layout-flex wp-container-core-columns-is-layout-9d6595d7 wp-block-columns-is-layout-flex\">\n<div class=\"wp-block-column is-layout-flow wp-block-column-is-layout-flow\">\n<p class=\"has-text-align-center\"><em>Ondes r\u00e9duites<\/em><\/p>\n<\/div>\n\n\n\n<div class=\"wp-block-column is-layout-flow wp-block-column-is-layout-flow\">\n<p class=\"has-text-align-center\"><em>Fr\u00e9quence normale<\/em><\/p>\n<\/div>\n\n\n\n<div class=\"wp-block-column is-layout-flow wp-block-column-is-layout-flow\">\n<p class=\"has-text-align-center\"><em>Haut d\u00e9bit d\u2019amour<\/em><\/p>\n<\/div>\n<\/div>\n<\/div>\n<\/div>\n\n\n\n<hr class=\"wp-block-separator has-css-opacity is-style-wide\"\/>\n\n\n\n<div class=\"wp-block-columns is-layout-flex wp-container-core-columns-is-layout-9d6595d7 wp-block-columns-is-layout-flex\">\n<div class=\"wp-block-column is-layout-flow wp-block-column-is-layout-flow\">\n<h2 class=\"wp-block-heading has-text-align-left\"><a href=\"https:\/\/www.ticketino.com\/fr\/eventgroup\/SONOHR-2026-Einzeltickets\/5929\" target=\"_blank\" rel=\"noreferrer noopener\">Billet<\/a><\/h2>\n<\/div>\n\n\n\n<div class=\"wp-block-column is-layout-flow wp-block-column-is-layout-flow\">\n<div class=\"wp-block-columns is-layout-flex wp-container-core-columns-is-layout-9d6595d7 wp-block-columns-is-layout-flex\">\n<div class=\"wp-block-column is-layout-flow wp-block-column-is-layout-flow\">\n<h2 class=\"wp-block-heading\">10.-<\/h2>\n<\/div>\n\n\n\n<div class=\"wp-block-column is-layout-flow wp-block-column-is-layout-flow\">\n<h2 class=\"wp-block-heading\">15.-<\/h2>\n<\/div>\n\n\n\n<div class=\"wp-block-column is-layout-flow wp-block-column-is-layout-flow\">\n<h2 class=\"wp-block-heading\">20.-<\/h2>\n<\/div>\n<\/div>\n<\/div>\n<\/div>\n\n\n\n<hr class=\"wp-block-separator has-css-opacity is-style-wide\"\/>\n\n\n\n<div class=\"wp-block-columns is-layout-flex wp-container-core-columns-is-layout-9d6595d7 wp-block-columns-is-layout-flex\">\n<div class=\"wp-block-column is-layout-flow wp-block-column-is-layout-flow\">\n<h2 class=\"wp-block-heading has-text-align-left\"><a href=\"https:\/\/www.ticketino.com\/fr\/event\/sonohr-2026-ear-lesson-2\/211554\" target=\"_blank\" rel=\"noreferrer noopener\">Ear Lesson 2 <br>(Samedi)<\/a><\/h2>\n<\/div>\n\n\n\n<div class=\"wp-block-column is-layout-flow wp-block-column-is-layout-flow\">\n<div class=\"wp-block-columns is-layout-flex wp-container-core-columns-is-layout-9d6595d7 wp-block-columns-is-layout-flex\">\n<div class=\"wp-block-column is-layout-flow wp-block-column-is-layout-flow\">\n<h2 class=\"wp-block-heading\">20.-<\/h2>\n<\/div>\n\n\n\n<div class=\"wp-block-column is-layout-flow wp-block-column-is-layout-flow\">\n<h2 class=\"wp-block-heading\">30.-<\/h2>\n<\/div>\n\n\n\n<div class=\"wp-block-column is-layout-flow wp-block-column-is-layout-flow\">\n<h2 class=\"wp-block-heading\">40.-<\/h2>\n<\/div>\n<\/div>\n<\/div>\n<\/div>\n\n\n\n<hr class=\"wp-block-separator has-css-opacity is-style-wide\"\/>\n\n\n\n<div class=\"wp-block-columns is-layout-flex wp-container-core-columns-is-layout-9d6595d7 wp-block-columns-is-layout-flex\">\n<div class=\"wp-block-column is-layout-flow wp-block-column-is-layout-flow\">\n<h2 class=\"wp-block-heading has-text-align-left\"><a href=\"https:\/\/www.ticketino.com\/fr\/event\/sonohr-2026-ear-lesson-4-7\/211575\" target=\"_blank\" rel=\"noreferrer noopener\">Ear Lesson 4 &#8211; 6<br>(Dimanche)<\/a><\/h2>\n<\/div>\n\n\n\n<div class=\"wp-block-column is-layout-flow wp-block-column-is-layout-flow\">\n<div class=\"wp-block-columns is-layout-flex wp-container-core-columns-is-layout-9d6595d7 wp-block-columns-is-layout-flex\">\n<div class=\"wp-block-column is-layout-flow wp-block-column-is-layout-flow\">\n<h2 class=\"wp-block-heading\">20.-<\/h2>\n<\/div>\n\n\n\n<div class=\"wp-block-column is-layout-flow wp-block-column-is-layout-flow\">\n<h2 class=\"wp-block-heading\">30.-<\/h2>\n<\/div>\n\n\n\n<div class=\"wp-block-column is-layout-flow wp-block-column-is-layout-flow\">\n<h2 class=\"wp-block-heading\">40.-<\/h2>\n<\/div>\n<\/div>\n<\/div>\n<\/div>\n\n\n\n<hr class=\"wp-block-separator has-css-opacity is-style-wide\"\/>\n\n\n\n<div class=\"wp-block-columns is-layout-flex wp-container-core-columns-is-layout-9d6595d7 wp-block-columns-is-layout-flex\">\n<div class=\"wp-block-column is-layout-flow wp-block-column-is-layout-flow\">\n<h2 class=\"wp-block-heading has-text-align-left\"><a href=\"https:\/\/www.ticketino.com\/fr\/eventgroup\/SONOHR-2026-Tagespaesse\/5930\" target=\"_blank\" rel=\"noreferrer noopener\">Pass journalier<\/a><\/h2>\n<\/div>\n\n\n\n<div class=\"wp-block-column is-layout-flow wp-block-column-is-layout-flow\">\n<div class=\"wp-block-columns is-layout-flex wp-container-core-columns-is-layout-9d6595d7 wp-block-columns-is-layout-flex\">\n<div class=\"wp-block-column is-layout-flow wp-block-column-is-layout-flow\">\n<h2 class=\"wp-block-heading\">25.-<\/h2>\n<\/div>\n\n\n\n<div class=\"wp-block-column is-layout-flow wp-block-column-is-layout-flow\">\n<h2 class=\"wp-block-heading\">40.-<\/h2>\n<\/div>\n\n\n\n<div class=\"wp-block-column is-layout-flow wp-block-column-is-layout-flow\">\n<h2 class=\"wp-block-heading\">60.-<\/h2>\n<\/div>\n<\/div>\n<\/div>\n<\/div>\n\n\n\n<hr class=\"wp-block-separator has-css-opacity is-style-wide\"\/>\n\n\n\n<div class=\"wp-block-columns is-layout-flex wp-container-core-columns-is-layout-9d6595d7 wp-block-columns-is-layout-flex\">\n<div class=\"wp-block-column is-layout-flow wp-block-column-is-layout-flow\">\n<h2 class=\"wp-block-heading has-text-align-left\"><a href=\"https:\/\/www.ticketino.com\/fr\/event\/sonohr-2026-festivalpass\/211579\" target=\"_blank\" rel=\"noreferrer noopener\">Pass festivalier<\/a><\/h2>\n<\/div>\n\n\n\n<div class=\"wp-block-column is-layout-flow wp-block-column-is-layout-flow\">\n<div class=\"wp-block-columns is-layout-flex wp-container-core-columns-is-layout-9d6595d7 wp-block-columns-is-layout-flex\">\n<div class=\"wp-block-column is-layout-flow wp-block-column-is-layout-flow\">\n<h2 class=\"wp-block-heading\">70.-<\/h2>\n<\/div>\n\n\n\n<div class=\"wp-block-column is-layout-flow wp-block-column-is-layout-flow\">\n<h2 class=\"wp-block-heading\">90.-<\/h2>\n<\/div>\n\n\n\n<div class=\"wp-block-column is-layout-flow wp-block-column-is-layout-flow\">\n<h2 class=\"wp-block-heading\">120.-<\/h2>\n<\/div>\n<\/div>\n<\/div>\n<\/div>\n\n\n\n<hr class=\"wp-block-separator has-css-opacity is-style-wide\"\/>\n\n\n\n<div style=\"height:30px\" aria-hidden=\"true\" class=\"wp-block-spacer\"><\/div>\n\n\n\n<div class=\"wp-block-columns is-layout-flex wp-container-core-columns-is-layout-9d6595d7 wp-block-columns-is-layout-flex\">\n<div class=\"wp-block-column is-layout-flow wp-block-column-is-layout-flow\">\n<p><strong>Vente de billets<\/strong><br><br>Les billets sont disponibles uniquement en ligne sur sonohr.ch\/tickets, par t\u00e9l\u00e9phone au 0900 441 441 (CHF 1.\u2013 \/ min.) ainsi que dans les <a href=\"https:\/\/www.ticketino.com\/fr\/PointsOfSale\" target=\"_blank\" rel=\"noreferrer noopener\">points de pr\u00e9vente Ticketino<\/a> ; dont les filiales de la Poste ou les agences BLS.<br><br><strong><em>Attention : il n\u2019y a pas de billetterie sur place !<\/em><\/strong><br><br>Vous avez des probl\u00e8mes pour commander en ligne ? Nous sommes volontiers \u00e0 votre disposition au bureau de SONOHR durant les heures du festival.<br><br><strong>Pass festival et pass journ\u00e9e, attention :<\/strong><br><br>En tant que d\u00e9tenteur\u2022ice d\u2019un pass, vous devez r\u00e9server votre place assise pour les manifestations souhait\u00e9es avec un billet gratuit.<\/p>\n<\/div>\n\n\n\n<div class=\"wp-block-column is-layout-flow wp-block-column-is-layout-flow\">\n<p><strong>Accessibilit\u00e9<\/strong><br><br>Nous souhaitons que toutes les personnes int\u00e9ress\u00e9es par SONOHR puissent assister au festival. Si n\u00e9cessaire, nous cherchons ensemble des solutions. Si tu as des questions, des demandes ou des r\u00e9actions, ou si tu souhaites obtenir des billets gratuits pour les personnes assistantes, contacte-nous par e-mail <a href=\"mailto:info@sonohr.ch\">info@sonohr.ch<\/a> ou t\u00e9l\u00e9phone +41 31 544 33 50<br><br><strong><strong>Personnes assist\u00e9es<\/strong><\/strong><em><br><\/em><br>L&rsquo;entr\u00e9e \u00e0 toutes les manifestations est gratuite pour les personnes assistantes.<br><br><strong><strong>Chiens guides et d&rsquo;assistance<\/strong><\/strong><br><br>Annonce-toi si tu as besoin d&rsquo;un endroit calme pour ton chien.<br><br><strong><strong><strong>Lieux des manifestations<\/strong><\/strong><\/strong><em><br><\/em><br>Les lieux de manifestation que sont le cin\u00e9ma REX 1, le REX Bar, la Kinemathek Lichtspiel et la Berner Generationenhaus sont accessibles en fauteuil roulant. Des colonnes ind\u00e9pendantes se trouvent dans le foyer du cin\u00e9ma Rex. Actuellement, un \u00e9chafaudage se trouve devant l&rsquo;entr\u00e9e du Kino Rex. Tu trouveras des informations d\u00e9taill\u00e9es sur les locaux dans le moniteur d&rsquo;acc\u00e8s de Procap :<br><a href=\"https:\/\/www.zugangsmonitor.ch\/Zugang-Veranstaltungsorte.89.0.html?&#038;L=0&#038;view=institute_detail&#038;institute_uid=89&#038;tx_nmzugangsmonitor_handicap=1\" target=\"_blank\" rel=\"noreferrer noopener\">Kino Rex<br><\/a><a href=\"https:\/\/www.zugangsmonitor.ch\/Zugang-Veranstaltungsorte.89.0.html?&#038;L=0&#038;view=institute_detail&#038;institute_uid=83&#038;tx_nmzugangsmonitor_handicap=1\" target=\"_blank\" rel=\"noreferrer noopener\">Lichtspiel<\/a><br><br><strong><strong><strong>Syst\u00e8me d&rsquo;\u00e9coute par induction<\/strong><\/strong><\/strong><br><br>Une installation audio pour les personnes avec un handicap auditif est install\u00e9e au REX 1 et \u00e0 la cin\u00e9math\u00e8que Lichtspiel.<br><br><strong><strong><strong>Place souhait\u00e9e<\/strong><\/strong><\/strong><br><br>Si tu souhaites une place assise sp\u00e9cifique, nous la r\u00e9serverons volontiers pour toi.<\/p>\n<\/div>\n<\/div>\n\n\n\n<h1 class=\"wp-block-heading\">Lieux<\/h1>\n\n\n\n<div class=\"wp-block-columns is-layout-flex wp-container-core-columns-is-layout-9d6595d7 wp-block-columns-is-layout-flex\">\n<div class=\"wp-block-column is-layout-flow wp-block-column-is-layout-flow\">\n<p class=\"has-text-align-center\"><strong>Kino Rex<\/strong><\/p>\n\n\n\n<p class=\"has-text-align-center\"><a href=\"https:\/\/www.google.com\/maps\/place\/Kino+REX+Bern\/@46.9467574,7.4370783,17z\/data=!3m1!4b1!4m5!3m4!1s0x478e39b8de6229d1:0x3b5e1fddc7fe9fbe!8m2!3d46.9467538!4d7.439267\" target=\"_blank\" rel=\"noreferrer noopener\">Schwanengasse 9<br>3011 Bern<\/a><\/p>\n\n\n\n<p class=\"has-text-align-center\">&nbsp;<\/p>\n<\/div>\n\n\n\n<div class=\"wp-block-column is-layout-flow wp-block-column-is-layout-flow\">\n<p class=\"has-text-align-center\"><strong>Kinemathek Lichtspiel<\/strong><\/p>\n\n\n\n<p class=\"has-text-align-center\"><a href=\"https:\/\/www.google.com\/maps\/place\/Lichtspiel+%2F+Kinemathek+Bern\/@46.9404855,7.4423808,15z\/data=!4m5!3m4!1s0x0:0x51dceafec2f74e04!8m2!3d46.940507!4d7.4419994\" target=\"_blank\" rel=\"noreferrer noopener\" data-type=\"URL\" data-id=\"https:\/\/www.google.com\/maps\/place\/Lichtspiel+%2F+Kinemathek+Bern\/@46.9404855,7.4423808,15z\/data=!4m5!3m4!1s0x0:0x51dceafec2f74e04!8m2!3d46.940507!4d7.4419994\">Sandrainstrasse 3<br>3007 Bern<\/a><\/p>\n<\/div>\n\n\n\n<div class=\"wp-block-column is-layout-flow wp-block-column-is-layout-flow\">\n<p class=\"has-text-align-center\"><strong>Berner Generationenhaus<\/strong><\/p>\n\n\n\n<p class=\"has-text-align-center\"><a href=\"https:\/\/goo.gl\/maps\/m4TEL8CZNpd6HoBq7\" target=\"_blank\" rel=\"noreferrer noopener\" data-type=\"URL\">Bahnhofplatz 2<br>3011 Bern<\/a><\/p>\n<\/div>\n<\/div>\n\n\n\n<p class=\"has-text-align-center\">&nbsp;<\/p>\n\n\n\n<p class=\"has-text-align-center\">&nbsp;<\/p>\n","protected":false},"excerpt":{"rendered":"<p>Billets Tous les billets sont disponibles en ligne sur Ticketino.&nbsp;Il n\u2019y a pas de billetterie sur place ! Chez nous, vous d\u00e9cidez vous-m\u00eame du prix que vous souhaitez payer, ind\u00e9pendamment des r\u00e9ductions auxquelles vous avez droit.(Tous les prix en CHF) \u00a0 Ondes r\u00e9duites Fr\u00e9quence normale Haut d\u00e9bit d\u2019amour Billet 10.- 15.- 20.- Ear Lesson 2&nbsp;<a class=\"readmore\" href=\"https:\/\/wp.sonohr.ch\/fr\/tickets\/\">\u2192MEHR<\/p>\n","protected":false},"author":2,"featured_media":0,"parent":0,"menu_order":28,"comment_status":"closed","ping_status":"closed","template":"","meta":{"_acf_changed":false,"footnotes":""},"class_list":["post-123","page","type-page","status-publish","hentry"],"acf":[],"_links":{"self":[{"href":"https:\/\/wp.sonohr.ch\/fr\/wp-json\/wp\/v2\/pages\/123","targetHints":{"allow":["GET"]}}],"collection":[{"href":"https:\/\/wp.sonohr.ch\/fr\/wp-json\/wp\/v2\/pages"}],"about":[{"href":"https:\/\/wp.sonohr.ch\/fr\/wp-json\/wp\/v2\/types\/page"}],"author":[{"embeddable":true,"href":"https:\/\/wp.sonohr.ch\/fr\/wp-json\/wp\/v2\/users\/2"}],"replies":[{"embeddable":true,"href":"https:\/\/wp.sonohr.ch\/fr\/wp-json\/wp\/v2\/comments?post=123"}],"version-history":[{"count":181,"href":"https:\/\/wp.sonohr.ch\/fr\/wp-json\/wp\/v2\/pages\/123\/revisions"}],"predecessor-version":[{"id":8169,"href":"https:\/\/wp.sonohr.ch\/fr\/wp-json\/wp\/v2\/pages\/123\/revisions\/8169"}],"wp:attachment":[{"href":"https:\/\/wp.sonohr.ch\/fr\/wp-json\/wp\/v2\/media?parent=123"}],"curies":[{"name":"wp","href":"https:\/\/api.w.org\/{rel}","templated":true}]}}