{"id":1081,"date":"2020-05-19T21:59:07","date_gmt":"2020-05-19T20:59:07","guid":{"rendered":"http:\/\/localhost\/?page_id=1081"},"modified":"2026-01-07T10:58:13","modified_gmt":"2026-01-07T09:58:13","slug":"italiano","status":"publish","type":"page","link":"https:\/\/wp.sonohr.ch\/fr\/italiano\/","title":{"rendered":"SONOHR IT"},"content":{"rendered":"<h2><strong>NOTIZIE E INFORMAZIONI SU SONOHR IN ITALIANO<\/strong><\/h2>\n<hr \/>\n<h5><a href=\"#national\">Benvenuti 2026<\/a><\/h5>\n<h5><a href=\"#festival\">Il festival<\/a><\/h5>\n<p><!--more--><\/p>\n<h1 id=\"national\">Benvenuti al festival 2026<\/h1>\n<p>Cari ospiti, cari audiofili, cari curiosi, cari ascoltatori<\/p>\n<p>Apertura, curiosit\u00e0, la capacit\u00e0 di distinguere ci\u00f2 che \u00e8 da ci\u00f2 che verr\u00e0: la 16\u00aa edizione del SONOHR Radio &#038; Podcast Festival si svolge sotto il motto Orizzonte. Come sempre si tratta di narrazioni audio in dialogo con il presente. Si tratta di ampliare insieme l\u2019orizzonte, di scoprire interessanti prospettive nazionali e internazionali: negli undici lavori selezionati per il concorso, nelle dieci brevi opere audio, in Listening Session e performance dal vivo, in discussioni, talk e workshop con ospiti di prestigio.<\/p>\n<p>L\u2019orizzonte non \u00e8 solo un insieme di strati, ma anche, pi\u00f9 semplicemente, una linea che ci collega gli uni agli altri. La creazione condivisa, l\u2019ascolto in presenza, lo scambio, il confronto sulle condizioni di lavoro nel settore audio in Svizzera e in Europa, ci stanno particolarmente a cuore. Proprio ora, mentre il boom dei podcast rallenta visibilmente. Proprio ora, mentre una politica sempre pi\u00f9 unidimensionale si fa sentire con pi\u00f9 forza. Proprio ora: dare voce a prospettive diverse, in modo sensibile e autentico. Ritrovarsi oltre i confini linguistici e geografici. Ascoltare insieme, al di l\u00e0 del proprio orizzonte.<\/p>\n<p>Non vediamo l\u2019ora di accoglierti.<br \/>\nIl team di SONOHR<\/p>\n<p><!--more--><\/p>\n<h1 id=\"festival\">Il festival<\/h1>\n<p>Il SONOHR Radio &#038; Podcast Festival celebra la creativit\u00e0, il coraggio e la magia delle storie audio, offrendo a produttrici\/produttori e autrici\/autori la possibilit\u00e0 di comunicare e incontrare il pubblico. L\u2019audio sta conquistando una posizione sempre pi\u00f9 importante nella nostra cultura. Per questo motivo vogliamo impegnarci affinch\u00e9 abbia un&rsquo;importante vetrina pubblica.<\/p>\n","protected":false},"excerpt":{"rendered":"<p>NOTIZIE E INFORMAZIONI SU SONOHR IN ITALIANO Benvenuti 2026 Il festival<\/p>\n","protected":false},"author":7,"featured_media":0,"parent":0,"menu_order":24,"comment_status":"closed","ping_status":"closed","template":"","meta":{"_acf_changed":false,"footnotes":""},"class_list":["post-1081","page","type-page","status-publish","hentry"],"acf":[],"_links":{"self":[{"href":"https:\/\/wp.sonohr.ch\/fr\/wp-json\/wp\/v2\/pages\/1081","targetHints":{"allow":["GET"]}}],"collection":[{"href":"https:\/\/wp.sonohr.ch\/fr\/wp-json\/wp\/v2\/pages"}],"about":[{"href":"https:\/\/wp.sonohr.ch\/fr\/wp-json\/wp\/v2\/types\/page"}],"author":[{"embeddable":true,"href":"https:\/\/wp.sonohr.ch\/fr\/wp-json\/wp\/v2\/users\/7"}],"replies":[{"embeddable":true,"href":"https:\/\/wp.sonohr.ch\/fr\/wp-json\/wp\/v2\/comments?post=1081"}],"version-history":[{"count":199,"href":"https:\/\/wp.sonohr.ch\/fr\/wp-json\/wp\/v2\/pages\/1081\/revisions"}],"predecessor-version":[{"id":8155,"href":"https:\/\/wp.sonohr.ch\/fr\/wp-json\/wp\/v2\/pages\/1081\/revisions\/8155"}],"wp:attachment":[{"href":"https:\/\/wp.sonohr.ch\/fr\/wp-json\/wp\/v2\/media?parent=1081"}],"curies":[{"name":"wp","href":"https:\/\/api.w.org\/{rel}","templated":true}]}}